{"id":3241,"date":"2023-03-20T10:57:10","date_gmt":"2023-03-20T09:57:10","guid":{"rendered":"https:\/\/nowa.ptzp.org.pl\/?page_id=3241"},"modified":"2024-09-03T21:58:18","modified_gmt":"2024-09-03T19:58:18","slug":"statut","status":"publish","type":"page","link":"https:\/\/ptzp.org.pl\/index.php\/statut\/","title":{"rendered":"Statut"},"content":{"rendered":"\n<p><\/p>\n\n\n\n<p class=\"has-text-align-center\"><br><strong>Rozdzia\u0142 I<br>POSTANOWIENIA OG\u00d3LNE<\/strong><\/p>\n\n\n\n<p class=\"has-text-align-center\"><strong>\u00a7 1<\/strong><\/p>\n\n\n\n<p>Stowarzyszenie o nazwie \u201ePolskie Towarzystwo Zarz\u0105dzania Produkcj\u0105\u201d zwane dalej &#8222;Stowarzyszeniem&#8221;, jest dobrowolnym, samorz\u0105dnym, trwa\u0142ym zrzeszeniem maj\u0105cym na celu rozwijanie i propagowanie inicjatyw postaw i dzia\u0142a\u0144 sprzyjaj\u0105cych podnoszeniu jako\u015bci zarz\u0105dzania oraz wspieranie organizacyjne i rzeczowe os\u00f3b fizycznych i jednostek organizacyjnych, kt\u00f3re podejmuj\u0105 takie dzia\u0142ania.<\/p>\n\n\n\n<p class=\"has-text-align-center\"><strong>\u00a7 2<\/strong><\/p>\n\n\n\n<p>Siedzib\u0105 Stowarzyszenia jest miasto Opole.<\/p>\n\n\n\n<p class=\"has-text-align-center\"><strong>\u00a7 3<\/strong><\/p>\n\n\n\n<p>Stowarzyszenie dzia\u0142a na podstawie przepis\u00f3w ustawy Prawo o stowarzyszeniach (Dz.U. z 1989 r. Nr 20, poz. 104 z p\u00f3\u017an. zm.) oraz niniejszego statutu i z tego tytu\u0142u posiada osobowo\u015b\u0107 prawn\u0105.<\/p>\n\n\n\n<p class=\"has-text-align-center\"><strong>\u00a7 4<\/strong><\/p>\n\n\n\n<p>Stowarzyszenie mo\u017ce by\u0107 cz\u0142onkiem krajowych i mi\u0119dzynarodowych organizacji o podobnym celu dzia\u0142ania.<\/p>\n\n\n\n<p class=\"has-text-align-center\"><strong>\u00a7 5<\/strong><\/p>\n\n\n\n<p>Stowarzyszenie swoim dzia\u0142aniem obejmuje obszar Rzeczypospolitej Polskiej. Dla w\u0142a\u015bciwego realizowania swych cel\u00f3w Stowarzyszenie mo\u017ce prowadzi\u0107 dzia\u0142alno\u015b\u0107 poza granicami Rzeczypospolitej Polskiej.<\/p>\n\n\n\n<p class=\"has-text-align-center\"><strong>\u00a7 6<\/strong><\/p>\n\n\n\n<p>Czas trwania Stowarzyszenia nie jest ograniczony.<\/p>\n\n\n\n<p class=\"has-text-align-center\"><strong>\u00a7 7<\/strong><\/p>\n\n\n\n<p>Stowarzyszenie realizuje cele przez:<br>1. wszechstronne propagowanie metod i technik stosowanych w zakresie dzia\u0142alno\u015bci zwi\u0105zanej z zarz\u0105dzaniem,<br>2. wsp\u00f3\u0142prac\u0119 i wzajemn\u0105 pomoc cz\u0142onk\u00f3w Stowarzyszenia,<br>3. wsp\u00f3\u0142prac\u0119 z osobami i instytucjami w zakresie zbierania informacji i wymiany do\u015bwiadcze\u0144 w dziedzinie zarz\u0105dzania,<br>4. doradztwo i pomoc organizacyjno-ekonomiczn\u0105, organizowanie konferencji naukowych, seminari\u00f3w oraz szkolenie cz\u0142onk\u00f3w i innych podmiot\u00f3w zainteresowanych dzia\u0142alno\u015bci\u0105 Stowarzyszenia,<br>5. inne dzia\u0142ania sprzyjaj\u0105ce rozwojowi statutowych cel\u00f3w organizacji,<br>6. prowadzenie dzia\u0142alno\u015bci integruj\u0105cej cz\u0142onk\u00f3w Stowarzyszenia poprzez aktywno\u015b\u0107 kulturaln\u0105, rekreacyjn\u0105 i towarzysk\u0105.<\/p>\n\n\n\n<p class=\"has-text-align-center\"><strong>\u00a7 8<\/strong><\/p>\n\n\n\n<p>1. Stowarzyszenie celem realizacji swych statutowych cel\u00f3w mo\u017ce powo\u0142a\u0107 inne organizacje w granicach prawem dopuszczonych.<br>2. Uchwa\u0142\u0105 Walnego Zebrania Cz\u0142onk\u00f3w mog\u0105 by\u0107 tworzone oddzia\u0142y zamiejscowe Stowarzyszenia. Niezb\u0119dna liczba cz\u0142onk\u00f3w stanowi\u0105c\u0105 podstaw\u0119 utworzenia oddzia\u0142u wynosi 10.<\/p>\n\n\n\n<p class=\"has-text-align-center\"><strong>\u00a7 9<\/strong><\/p>\n\n\n\n<p>Realizuj\u0105c powy\u017csze cele Stowarzyszenie opiera si\u0119 na spo\u0142ecznej pracy cz\u0142onk\u00f3w. Mo\u017ce jednak zatrudnia\u0107 pracownik\u00f3w do prowadzenia swych spraw.<\/p>\n\n\n\n<p class=\"has-text-align-center\"><strong>\u00a7 10<\/strong><\/p>\n\n\n\n<p>1. Cz\u0142onkowie Stowarzyszenia dziel\u0105 sie na:<br>a) cz\u0142onk\u00f3w zwyczajnych<br>b) cz\u0142onk\u00f3w wspieraj\u0105cych,<br>c) cz\u0142onk\u00f3w honorowych.<br>2. Cz\u0142onkiem zwyczajnym Stowarzyszenia mo\u017ce by\u0107 pe\u0142noletni obywatel Rzeczpospolitej Polskiej.<br>3. Cz\u0142onkiem wspieraj\u0105cym Stowarzyszenia mo\u017ce by\u0107 osoba prawna.<br>4. Cz\u0142onkiem honorowym Stowarzyszenia mo\u017ce by\u0107 osoba fizyczna, kt\u00f3ra wnios\u0142a wybitny wk\u0142ad w realizacj\u0119cel\u00f3w Stowarzyszenia lub w inny<a><\/a>&nbsp;szczeg\u00f3lny spos\u00f3b zas\u0142u\u017cy\u0142a si\u0119 dla Stowarzyszenia. Na wniosek oddzia\u0142u zamiejscowego Stowarzyszenia, Walne Zebranie Cz\u0142onk\u00f3w nadaje cz\u0142onkostwo honorowe na czas nieokre\u015blony.<br>5. Pe\u0142ni\u0105cemu funkcj\u0119 prezesa Stowarzyszenia przez co najmniej trzy pe\u0142ne kadencje mo\u017ce zosta\u0107 nadana godno\u015b\u0107 Honorowego Prezesa Stowarzyszenia. Tytu\u0142 ten Walne Zebranie Cz\u0142onk\u00f3w mo\u017ce nada\u0107 by\u0142emu prezesowi Stowarzyszenia, kt\u00f3ry wni\u00f3s\u0142 wybitny wk\u0142ad w dzia\u0142alno\u015b\u0107 i rozw\u00f3j Stowarzyszenia, w drodze uchwa\u0142y podejmowanej z inicjatywy w\u0142asnej za zgod\u0105 osoby zainteresowanej na czas nieokre\u015blony. W tym samym czasie godno\u015b\u0107 Honorowego Prezesa mo\u017ce piastowa\u0107 tylko jedna osoba.<br>6. Prezes Honorowy Stowarzyszenia oraz cz\u0142onkowi honorowi Stowarzyszenia s\u0105 zwolnieni z obowi\u0105zk\u00f3w w\u0142a\u015bciwych dla innych cz\u0142onk\u00f3w Stowarzyszenia, w tym z op\u0142acania sk\u0142adek cz\u0142onkowskich.<\/p>\n\n\n\n<p class=\"has-text-align-center\"><strong>\u00a7 11<\/strong><\/p>\n\n\n\n<p>Cz\u0142onkostwo Stowarzyszenia nabywa si\u0119 przez przyj\u0119cie kandydatury przez Zarz\u0105d Stowarzyszenia zwyk\u0142\u0105 wi\u0119kszo\u015bci\u0105 g\u0142os\u00f3w w drodze uchwa\u0142y.<\/p>\n\n\n\n<p class=\"has-text-align-center\"><strong>\u00a7 12<\/strong><\/p>\n\n\n\n<p>1. Cz\u0142onkowie Stowarzyszenia zobowi\u0105zani s\u0105:<br>1\/ swoj\u0105 postaw\u0105 i dzia\u0142aniami przyczynia\u0107 si\u0119 do wzrostu roli i znaczenia Stowarzyszenia,<br>2\/ dba\u0107 o jego dobre imi\u0119,<br>3\/ zabiega\u0107 o popraw\u0119 opinii spo\u0142ecznej i klimatu wok\u00f3\u0142 dzia\u0142alno\u015bci zwi\u0105zanej z zarz\u0105dzaniem,<br>4\/ popiera\u0107 i czynnie realizowa\u0107 cele Stowarzyszenia,<br>5\/ przestrzega\u0107 powszechnie obowi\u0105zuj\u0105cych przepis\u00f3w prawa oraz postanowie\u0144 statutu,<br>6\/ regularnie op\u0142aca\u0107 sk\u0142adki.<br>2. Cz\u0142onek zwyczajny Stowarzyszenia ma prawo, bra\u0107 udzia\u0142 w \u017cyciu Stowarzyszenia, w szczeg\u00f3lno\u015bci:<br>1\/ przys\u0142uguje mu bierne i czynne prawo wyborcze,<br>2\/ wnioskowa\u0107 we wszystkich sprawach dotycz\u0105cych cel\u00f3w i funkcjonowania Stowarzyszenia,<br>3\/ korzysta\u0107 z lokali Stowarzyszenia,<br>4\/ posiada\u0107 legitymacj\u0119 Stowarzyszenia i nosi\u0107 odznaki Stowarzyszenia,<br>5\/ korzysta\u0107 z rekomendacji, gwarancji i opieki Stowarzyszenia w swojej dzia\u0142alno\u015bci,<br>6\/ korzysta\u0107 nieodp\u0142atnie z urz\u0105dze\u0144 technicznych, poradnictwa i szkole\u0144, kt\u00f3re Stowarzyszenie stawia do dyspozycji cz\u0142onk\u00f3w,<br>7\/ korzysta\u0107 z innych mo\u017cliwo\u015bci, jakie stwarza swoim cz\u0142onkom Stowarzyszenie.<\/p>\n\n\n\n<p class=\"has-text-align-center\"><strong>\u00a7 13<\/strong><\/p>\n\n\n\n<p>Osoby prawne mog\u0105 zosta\u0107 cz\u0142onkami wspieraj\u0105cymi poprzez z\u0142o\u017cenie o\u015bwiadczenia woli Zarz\u0105dowi Stowarzyszenia, kt\u00f3ry podejmuje w tej kwestii stosown\u0105 uchwa\u0142\u0119.<br>W takim samym trybie nast\u0119puje ustanie cz\u0142onkostwa wspieraj\u0105cego Stowarzyszenia.<br>Form\u0119 i rodzaj wspierania Stowarzyszenia cz\u0142onkowie wspieraj\u0105cy ustal\u0105 z Zarz\u0105dem Stowarzyszenia,<br>Cz\u0142onkowie wspieraj\u0105cy korzystaj\u0105 z praw przys\u0142uguj\u0105cych cz\u0142onkom zwyczajnym wymienionych w \u00a7 12 ust. 2 pkt 2-7.<\/p>\n\n\n\n<p class=\"has-text-align-center\"><strong>\u00a7 14<\/strong><\/p>\n\n\n\n<p>Skre\u015blenie z listy cz\u0142onk\u00f3w Stowarzyszenia nast\u0119puje przez:<br>1. rezygnacj\u0119 pisemn\u0105 z\u0142o\u017con\u0105 na r\u0119ce Zarz\u0105du,<br>2. wykluczenie przez Zarz\u0105d:<br>a) za dzia\u0142alno\u015b\u0107 sprzeczn\u0105 ze statutem oraz uchwa\u0142ami Stowarzyszenia<br>b) nieusprawiedliwione nie branie udzia\u0142u w pracach Stowarzyszenia,<br>c) zaleganie z op\u0142at\u0105 sk\u0142adki cz\u0142onkowskiej przez trzy okresy,<br>d) na pisemny umotywowany wniosek co najmniej 10 cz\u0142onk\u00f3w Stowarzyszenia z przyczyn okre\u015blonych lit. a i b,<br>e) utrat\u0119 praw obywatelskich w wyniku prawomocnego wyroku s\u0105du,<br>3. \u015bmier\u0107 cz\u0142onka.<\/p>\n\n\n\n<p class=\"has-text-align-center\"><strong>\u00a7 15<\/strong><\/p>\n\n\n\n<p>Od uchwa\u0142y Zarz\u0105du w przedmiocie wykluczenia cz\u0142onkowi przys\u0142uguje odwo\u0142anie do Walnego Zebrania Cz\u0142onk\u00f3w na co najmniej 21 dni przed terminem Walnego Zebrania. Uchwa\u0142a Walnego Zebrania jest ostateczna.<\/p>\n\n\n\n<p class=\"has-text-align-center\"><br><strong>Rozdzia\u0142 II<br>W\u0141ADZE STOWARZYSZENIA<\/strong><\/p>\n\n\n\n<p class=\"has-text-align-center\"><strong>\u00a7 16<\/strong><\/p>\n\n\n\n<p>W\u0142adzami Stowarzyszenia s\u0105:<br>1) Walne Zebranie Cz\u0142onk\u00f3w,<br>2) Zarz\u0105d,<br>3) Komisja Rewizyjna,<\/p>\n\n\n\n<p class=\"has-text-align-center\"><strong>\u00a7 16 a<\/strong><\/p>\n\n\n\n<p>Organem doradczym jest Rada Konsultacyjna Stowarzyszenia.<\/p>\n\n\n\n<p class=\"has-text-align-center\"><strong>\u00a7 17<\/strong><\/p>\n\n\n\n<p>Kadencja wszystkich w\u0142adz wybieralnych Stowarzyszenia trwa 4 lata.<\/p>\n\n\n\n<p class=\"has-text-align-center\"><strong>\u00a7 18<\/strong><\/p>\n\n\n\n<p>Uchwa\u0142y wszystkich w\u0142adz Stowarzyszenia zapadaj\u0105 zwyk\u0142\u0105 wi\u0119kszo\u015bci\u0105 g\u0142os\u00f3w przy obecno\u015bci co najmniej po\u0142owy cz\u0142onk\u00f3w uprawnionych do g\u0142osowania, je\u015bli dalsze postanowienia statutu nie stanowi\u0105 inaczej.<\/p>\n\n\n\n<p class=\"has-text-align-center\"><strong>\u00a7 19<\/strong><\/p>\n\n\n\n<p>Najwy\u017csz\u0105 w\u0142adz\u0105 Stowarzyszenia jest Walne Zebranie Cz\u0142onk\u00f3w.<br>1. Walne Zebranie zwo\u0142uje Zarz\u0105d co najmniej jeden raz na dwana\u015bcie miesi\u0119cy lub cz\u0119\u015bciej na pisemny uzasadniony wniosek co najmniej 1\/4 cz\u0142onk\u00f3w, Komisji Rewizyjnej, powiadamiaj\u0105c o jego terminie, miejscu i propozycjach porz\u0105dku obrad wszystkich cz\u0142onk\u00f3w listami poleconymi lub w ka\u017cdy inny skuteczny spos\u00f3b co najmniej 14 dni przed terminem rozpocz\u0119cia obrad.<br>2. W Walnym Zebraniu winna uczestniczy\u0107 co najmniej po\u0142owa cz\u0142onk\u00f3w uprawnionych do g\u0142osowania w pierwszym terminie, a w drugim terminie, kt\u00f3ry mo\u017ce by\u0107 wyznaczony o godzin\u0119 p\u00f3\u017aniej tego samego dnia &#8211; mo\u017ce ono skutecznie obradowa\u0107 bez wzgl\u0119du na liczb\u0119 uczestnik\u00f3w.<br>3. W Walnym Zebraniu mog\u0105 uczestniczy\u0107 cz\u0142onkowie zwyczajni Stowarzyszenia oraz, z g\u0142osem doradczym, cz\u0142onkowie wspieraj\u0105cy i zaproszeni go\u015bcie.<br>4. Do kompetencji Walnego Zebrania nale\u017cy:<br>a) uchwalanie programu dzia\u0142ania Stowarzyszenia,<br>b) rozpatrywanie i zatwierdzanie sprawozda\u0144 Zarz\u0105du i Komisji Rewizyjnej,<br>c) uchwalanie regulaminu obrad Walnego Zebrania,<br>d) udzielanie absolutorium ust\u0119puj\u0105cemu Zarz\u0105dowi,<br>e) wyb\u00f3r cz\u0142onk\u00f3w Zarz\u0105du i Komisji Rewizyjnej,<br>f) uchwalanie zmian statutu,<br>g) podejmowanie uchwa\u0142 w sprawie powo\u0142ywania przez Stowarzyszenie innych organizacji,<br>h) podj\u0119cie uchwa\u0142y w sprawie rozwi\u0105zania Stowarzyszenia,<br>i) rozpatrywanie odwo\u0142a\u0144 od uchwa\u0142 Zarz\u0105du wniesionych przez cz\u0142onk\u00f3w Stowarzyszenia,<br>j) rozpatrywanie skarg cz\u0142onk\u00f3w Stowarzyszenia na dzia\u0142alno\u015b\u0107 Zarz\u0105du.<br>5. Uchwa\u0142y Walnego Zebrania zapadaj\u0105 zwyk\u0142\u0105 wi\u0119kszo\u015bci\u0105 g\u0142os\u00f3w cz\u0142onk\u00f3w.<br>6. Zmiana statutu, odwo\u0142anie Prezesa, cz\u0142onk\u00f3w Zarz\u0105du, Komisji Rewizyjnej oraz rozwi\u0105zanie Stowarzyszenia, wymaga bezwzgl\u0119dnej wi\u0119kszo\u015bci przy obecno\u015bci po\u0142owy cz\u0142onk\u00f3w Stowarzyszenia w pierwszym terminie; w drugim terminie wym\u00f3g obecno\u015bci ponad po\u0142owy cz\u0142onk\u00f3w nie obowi\u0105zuje.<br>7. Ka\u017cdemu cz\u0142onkowi przys\u0142uguje jeden g\u0142os.<\/p>\n\n\n\n<p class=\"has-text-align-center\"><strong>\u00a7 20<\/strong><\/p>\n\n\n\n<p>1. Zarz\u0105d sk\u0142ada si\u0119 z 6 cz\u0142onk\u00f3w wybranych przez Walne Zebranie.<br>2. Zarz\u0105d sk\u0142ada si\u0119 z Prezesa, 3 Wiceprezes\u00f3w, Sekretarza Generalnego i Skarbnika.<br>3. Prezesa, Wiceprezes\u00f3w, Sekretarza Generalnego i Skarbnika powo\u0142uje i odwo\u0142uje Walne Zebranie Cz\u0142onk\u00f3w.<br>4. Do kompetencji Zarz\u0105du nale\u017cy:<br>a) przyjmowanie nowych cz\u0142onk\u00f3w Stowarzyszenia,<br>b) reprezentowanie Stowarzyszenia na zewn\u0105trz i dzia\u0142anie w jego imieniu,<br>c) kierowanie bie\u017c\u0105c\u0105 prac\u0105 Stowarzyszenia,<br>d) zwo\u0142ywanie Walnego Zebrania,<br>e) ustalanie wysoko\u015bci sk\u0142adek cz\u0142onkowskich.<br>5. Do Zarz\u0105du nale\u017c\u0105 wszystkie uchwa\u0142y nie zastrze\u017cone dla innych w\u0142adz Stowarzyszenia.<\/p>\n\n\n\n<p class=\"has-text-align-center\"><strong>\u00a7 21<\/strong><\/p>\n\n\n\n<p>1. Komisja Rewizyjna sk\u0142ada si\u0119 z przewodnicz\u0105cego i 2 cz\u0142onk\u00f3w wybranych przez Walne Zebranie.<br>2. Do kompetencji Komisji Rewizyjnej nale\u017cy:<br>a) kontrola bie\u017c\u0105cej pracy Stowarzyszenia,<br>b) sk\u0142adanie wniosk\u00f3w w przedmiocie absolutorium na Walnym Zebraniu,<br>c) wyst\u0119powanie z wnioskiem o zwo\u0142anie Walnego Zebrania.<\/p>\n\n\n\n<p class=\"has-text-align-center\"><strong>\u00a7 21 a<\/strong><\/p>\n\n\n\n<p>Oddzia\u0142em zamiejscowym kieruje zarz\u0105d oddzia\u0142u sk\u0142adaj\u0105cy si\u0119 z przewodnicz\u0105cego, jego zast\u0119pcy i sekretarza.<\/p>\n\n\n\n<p class=\"has-text-align-center\"><strong>\u00a7 21 b<\/strong><\/p>\n\n\n\n<p>Komisja Rewizyjna oddzia\u0142u zamiejscowego sk\u0142ada si\u0119 z przewodnicz\u0105cego i 2 cz\u0142onk\u00f3w<\/p>\n\n\n\n<p class=\"has-text-align-center\"><strong>\u00a7 21 c<\/strong><\/p>\n\n\n\n<p>1. Rada Konsultacyjna sk\u0142ada si\u0119 z cz\u0142onk\u00f3w Zarz\u0105du, przewodnicz\u0105cych zarz\u0105d\u00f3w oddzia\u0142\u00f3w zamiejscowych i przewodnicz\u0105cego Komisji Rewizyjnej.<br>2. Zarz\u0105d Stowarzyszenia mo\u017ce zaprosi\u0107 do udzia\u0142u w pracach Rady Konsultacyjnej tak\u017ce inne osoby.<br>3. Rada Konsultacyjna wybiera ze swego grona przewodnicz\u0105cego i sekretarza.<\/p>\n\n\n\n<p class=\"has-text-align-center\"><strong>\u00a7 22<\/strong><\/p>\n\n\n\n<p>W razie zmniejszenia si\u0119 sk\u0142adu w\u0142adz Stowarzyszenia wymienionych w \u00a7 16 pkt. 2, 3 w czasie trwania kadencji, uzupe\u0142nienie ich sk\u0142adu mo\u017ce nast\u0105pi\u0107 w drodze ich kooptacji. Kooptacji dokonuj\u0105 pozostali cz\u0142onkowie organu, kt\u00f3rego sk\u0142ad uleg\u0142<br>zmniejszeniu. W tym trybie mo\u017cna powo\u0142a\u0107 nie wi\u0119cej ni\u017c po\u0142ow\u0119 sk\u0142adu organu.<\/p>\n\n\n\n<p class=\"has-text-align-center\"><strong>\u00a7 23<\/strong><\/p>\n\n\n\n<p>1. Maj\u0105tek Stowarzyszenia powstaje ze sk\u0142adek cz\u0142onkowskich, darowizn, spadk\u00f3w, zapis\u00f3w, dochod\u00f3w z w\u0142asnej dzia\u0142alno\u015bci oraz ofiarno\u015bci publicznej.<br>2. Funduszami i maj\u0105tkiem Stowarzyszenia zarz\u0105dza Zarz\u0105d.<br>3. Do reprezentowania Stowarzyszenia upowa\u017cnieni s\u0105: Prezes i Wiceprezesi Zarz\u0105du<br>4. Do zaci\u0105gania zobowi\u0105za\u0144 maj\u0105tkowych upowa\u017cniony jest Prezes-jednoosobowo.<\/p>\n\n\n\n<p class=\"has-text-align-center\"><br><strong>\u00a7 24<\/strong><\/p>\n\n\n\n<p>1. Stowarzyszenie rozwi\u0105zuje si\u0119 na podstawie uchwa\u0142y Walnego Zebrania lub w innych przypadkach przewidzianych w przepisach prawa.<br>2. Podejmuj\u0105c uchwa\u0142\u0119 o rozwi\u0105zaniu Stowarzyszenia Walne Zebranie okre\u015bla spos\u00f3b jego likwidacji oraz przeznaczenia maj\u0105tku Stowarzyszenia.<br>3. W sprawach nie uregulowanych niniejszym statutem maj\u0105 zastosowanie przepisy Prawa o stowarzyszeniach.<\/p>\n\n\n\n<p class=\"has-text-align-center\"><strong>\u00a7 24 a<\/strong><\/p>\n\n\n\n<p>Oddzia\u0142 zamiejscowy Stowarzyszenia ulega likwidacji na podstawie uchwa\u0142y Walnego Zebrania.<\/p>\n\n\n","protected":false},"excerpt":{"rendered":"<p>Rozdzia\u0142 IPOSTANOWIENIA OG\u00d3LNE \u00a7 1 Stowarzyszenie o nazwie \u201ePolskie Towarzystwo Zarz\u0105dzania Produkcj\u0105\u201d zwane dalej &#8222;Stowarzyszeniem&#8221;, jest dobrowolnym, samorz\u0105dnym, trwa\u0142ym zrzeszeniem maj\u0105cym na celu rozwijanie i propagowanie inicjatyw postaw i dzia\u0142a\u0144 sprzyjaj\u0105cych podnoszeniu jako\u015bci zarz\u0105dzania oraz wspieranie organizacyjne i rzeczowe os\u00f3b fizycznych i jednostek organizacyjnych, kt\u00f3re podejmuj\u0105 takie dzia\u0142ania. \u00a7 2 Siedzib\u0105 Stowarzyszenia jest miasto Opole. [&hellip;]<\/p>\n","protected":false},"author":1,"featured_media":0,"parent":0,"menu_order":0,"comment_status":"closed","ping_status":"closed","template":"","meta":{"_eb_attr":"","footnotes":""},"class_list":["post-3241","page","type-page","status-publish","hentry"],"blocksy_meta":[],"featured_image_urls_v2":{"full":"","thumbnail":"","medium":"","medium_large":"","large":"","1536x1536":"","2048x2048":""},"post_excerpt_stackable_v2":"<p>Rozdzia\u0142 IPOSTANOWIENIA OG\u00d3LNE \u00a7 1 Stowarzyszenie o nazwie \u201ePolskie Towarzystwo Zarz\u0105dzania Produkcj\u0105\u201d zwane dalej &#8222;Stowarzyszeniem&#8221;, jest dobrowolnym, samorz\u0105dnym, trwa\u0142ym zrzeszeniem maj\u0105cym na celu rozwijanie i propagowanie inicjatyw postaw i dzia\u0142a\u0144 sprzyjaj\u0105cych podnoszeniu jako\u015bci zarz\u0105dzania oraz wspieranie organizacyjne i rzeczowe os\u00f3b fizycznych i jednostek organizacyjnych, kt\u00f3re podejmuj\u0105 takie dzia\u0142ania. \u00a7 2 Siedzib\u0105 Stowarzyszenia jest miasto Opole. \u00a7 3 Stowarzyszenie dzia\u0142a na podstawie przepis\u00f3w ustawy Prawo o stowarzyszeniach (Dz.U. z 1989 r. Nr 20, poz. 104 z p\u00f3\u017an. zm.) oraz niniejszego statutu i z tego tytu\u0142u posiada osobowo\u015b\u0107 prawn\u0105. \u00a7 4 Stowarzyszenie mo\u017ce by\u0107 cz\u0142onkiem krajowych i mi\u0119dzynarodowych organizacji o podobnym celu&hellip;<\/p>\n","category_list_v2":"","author_info_v2":{"name":"Webmaster","url":"https:\/\/ptzp.org.pl\/index.php\/author\/webmaster\/"},"comments_num_v2":"0 comments","_links":{"self":[{"href":"https:\/\/ptzp.org.pl\/index.php\/wp-json\/wp\/v2\/pages\/3241","targetHints":{"allow":["GET"]}}],"collection":[{"href":"https:\/\/ptzp.org.pl\/index.php\/wp-json\/wp\/v2\/pages"}],"about":[{"href":"https:\/\/ptzp.org.pl\/index.php\/wp-json\/wp\/v2\/types\/page"}],"author":[{"embeddable":true,"href":"https:\/\/ptzp.org.pl\/index.php\/wp-json\/wp\/v2\/users\/1"}],"replies":[{"embeddable":true,"href":"https:\/\/ptzp.org.pl\/index.php\/wp-json\/wp\/v2\/comments?post=3241"}],"version-history":[{"count":5,"href":"https:\/\/ptzp.org.pl\/index.php\/wp-json\/wp\/v2\/pages\/3241\/revisions"}],"predecessor-version":[{"id":3919,"href":"https:\/\/ptzp.org.pl\/index.php\/wp-json\/wp\/v2\/pages\/3241\/revisions\/3919"}],"wp:attachment":[{"href":"https:\/\/ptzp.org.pl\/index.php\/wp-json\/wp\/v2\/media?parent=3241"}],"curies":[{"name":"wp","href":"https:\/\/api.w.org\/{rel}","templated":true}]}}