{"id":3281,"date":"2023-03-20T12:14:24","date_gmt":"2023-03-20T11:14:24","guid":{"rendered":"https:\/\/nowa.ptzp.org.pl\/?page_id=3281"},"modified":"2026-01-21T12:16:12","modified_gmt":"2026-01-21T11:16:12","slug":"do-pobrania","status":"publish","type":"page","link":"https:\/\/ptzp.org.pl\/index.php\/do-pobrania\/","title":{"rendered":"Do pobrania"},"content":{"rendered":"\n<ul class=\"wp-block-list\">\n<li><a href=\"https:\/\/ptzp.org.pl\/wp-content\/uploads\/2025\/02\/Statut_PTZP_2024.pdf\">Statut PTZP<\/a><\/li>\n\n\n\n<li><a href=\"https:\/\/ptzp.org.pl\/wp-content\/uploads\/2026\/01\/deklaracja.doc\" data-type=\"attachment\" data-id=\"3278\">Deklaracja przyst\u0105pienia do PTZP<\/a><\/li>\n\n\n\n<li><a href=\"https:\/\/ptzp.org.pl\/wp-content\/uploads\/2023\/03\/wzor_protokolu_wyborczego.doc\" data-type=\"attachment\" data-id=\"3279\">Wz\u00f3r protoko\u0142u wyborczego<\/a><\/li>\n<\/ul>\n\n\n\n\n\n<p><\/p>\n","protected":false},"excerpt":{"rendered":"","protected":false},"author":1,"featured_media":0,"parent":0,"menu_order":0,"comment_status":"closed","ping_status":"closed","template":"","meta":{"_eb_attr":"","footnotes":""},"class_list":["post-3281","page","type-page","status-publish","hentry"],"blocksy_meta":[],"featured_image_urls_v2":{"full":"","thumbnail":"","medium":"","medium_large":"","large":"","1536x1536":"","2048x2048":""},"post_excerpt_stackable_v2":"<p>Statut PTZP Deklaracja przyst\u0105pienia do PTZP Wz\u00f3r protoko\u0142u wyborczego<\/p>\n","category_list_v2":"","author_info_v2":{"name":"Webmaster","url":"https:\/\/ptzp.org.pl\/index.php\/author\/webmaster\/"},"comments_num_v2":"0 comments","_links":{"self":[{"href":"https:\/\/ptzp.org.pl\/index.php\/wp-json\/wp\/v2\/pages\/3281","targetHints":{"allow":["GET"]}}],"collection":[{"href":"https:\/\/ptzp.org.pl\/index.php\/wp-json\/wp\/v2\/pages"}],"about":[{"href":"https:\/\/ptzp.org.pl\/index.php\/wp-json\/wp\/v2\/types\/page"}],"author":[{"embeddable":true,"href":"https:\/\/ptzp.org.pl\/index.php\/wp-json\/wp\/v2\/users\/1"}],"replies":[{"embeddable":true,"href":"https:\/\/ptzp.org.pl\/index.php\/wp-json\/wp\/v2\/comments?post=3281"}],"version-history":[{"count":8,"href":"https:\/\/ptzp.org.pl\/index.php\/wp-json\/wp\/v2\/pages\/3281\/revisions"}],"predecessor-version":[{"id":4343,"href":"https:\/\/ptzp.org.pl\/index.php\/wp-json\/wp\/v2\/pages\/3281\/revisions\/4343"}],"wp:attachment":[{"href":"https:\/\/ptzp.org.pl\/index.php\/wp-json\/wp\/v2\/media?parent=3281"}],"curies":[{"name":"wp","href":"https:\/\/api.w.org\/{rel}","templated":true}]}}