{"id":3307,"date":"2023-03-21T11:20:33","date_gmt":"2023-03-21T10:20:33","guid":{"rendered":"https:\/\/nowa.ptzp.org.pl\/?page_id=3307"},"modified":"2023-03-26T08:07:15","modified_gmt":"2023-03-26T06:07:15","slug":"zaproszenie","status":"publish","type":"page","link":"https:\/\/ptzp.org.pl\/index.php\/zaproszenie\/","title":{"rendered":"Zaproszenie"},"content":{"rendered":"\n<p class=\"has-text-align-left\">do udzia\u0142u w <strong>XXVI Konferencji Przemys\u0142 4.0 a Zarz\u0105dzanie i In\u017cynieria Produkcji<\/strong> (<a rel=\"noreferrer noopener\" href=\"http:\/\/ptzp.org.pl\/files\/konferencje\/kzz\/Konf_zaproszenie_2023.pdf\" target=\"_blank\">PDF<\/a>). Konferencja odb\u0119dzie si\u0119 w dniach <strong>11-13.06.2023<\/strong> w Kompleksie Anta\u0142\u00f3wka przy ulicy Wierchowej 2 w Zakopanem. Karta zg\u0142oszenia uczestnictwa w konferencji: &nbsp;<a rel=\"noreferrer noopener\" href=\"http:\/\/ptzp.org.pl\/files\/konferencje\/kzz\/zgloszenie_konf_2023.doc\" target=\"_blank\">DOC<\/a>.<\/p>\n\n\n\n<p class=\"has-text-align-left\"><strong>TEMATYKA PRAC:<\/strong><\/p>\n\n\n\n<p>1. Cyfryzacja produkcji i przedsi\u0119biorstw<br>2. Automatyzacja i robotyzacja proces\u00f3w<br>3. Innowacyjno\u015b\u0107 proces\u00f3w i produkt\u00f3w<br>4. In\u017cynieria proces\u00f3w wytwarzania<br>5. Logistyka i \u0142a\u0144cuchy dostaw<br>6. In\u017cynieria jako\u015bci produkcji i us\u0142ug<br>7. Zarz\u0105dzanie organizacjami i zespo\u0142ami ludzkimi<br>8. Efektywno\u015b\u0107 i produktywno\u015b\u0107 przedsi\u0119biorstw<br>9. Organizacja i zarz\u0105dzanie produkcj\u0105, harmonogramowanie zlece\u0144 produkcyjnych<br>10. Zarz\u0105dzanie projektami produkcyjnymi i us\u0142ugowymi<br>11. Zarz\u0105dzanie wiedz\u0105, transfer wiedzy, systemy wspomagania podejmowania decyzji<br>12. Kszta\u0142towanie \u015brodowiska i bezpiecze\u0144stwo pracy<br>13. Zarz\u0105dzanie utrzymaniem ruchu<\/p>\n\n\n\n<p><strong>INFORMACJE DOTYCZ\u0104CE PUBLIKACJI PRAC:<\/strong><\/p>\n\n\n\n<ul class=\"wp-block-list\">\n<li>Publikacja pracy naukowej w monografii pt.: IN\u017bYNIERIA ZARZ\u0104DZANIA. CYFRYZACJA PRODUKCJI. Aktualno\u015bci badawcze 5. Redakcja naukowa Ryszard Knosala. Prace opublikowane jako rozdzia\u0142y w monografii naukowej otrzymaj\u0105 <strong>20 punkt\u00f3w<\/strong>.<\/li>\n\n\n\n<li>Wytyczne do formatowania tekstu pracy: &nbsp;<a rel=\"noreferrer noopener\" href=\"http:\/\/ptzp.org.pl\/files\/konferencje\/kzz\/wzor_artykulu.pdf\" target=\"_blank\">PDF<\/a><\/li>\n\n\n\n<li>Prace nale\u017cy przes\u0142a\u0107 na adres:&nbsp;<a href=\"mailto:zakopane@ptzp.org.pl\">zakopane@ptzp.org.pl<\/a>. Zg\u0142oszenie pracy do publikacji w monografii:&nbsp;<a rel=\"noreferrer noopener\" href=\"http:\/\/ptzp.org.pl\/files\/konferencje\/kzz\/publikacja_2023.doc\" target=\"_blank\">DOC<\/a>. <\/li>\n\n\n\n<li><strong>Termin nadsy\u0142ania prac<\/strong> w formie elektronicznej<strong> wraz z kart\u0105 zg\u0142oszenia pracy do publikacji <\/strong>up\u0142ywa <strong>10 stycznia 2023 roku.<\/strong> Termin nadsy\u0142ania prac w styczniu zosta\u0142 zachowany, co pozwoli przeprowadzi\u0107 ca\u0142y proces wydawniczy monografii przed Konferencj\u0105 i przekaza\u0107 ka\u017cdemu uczestnikowi egzemplarz w dniu jej rozpocz\u0119cia. B\u0119dzie to jednak\u017ce wymaga\u0142o wniesienia wcze\u015bniej op\u0142aty za publikacj\u0119.<\/li>\n\n\n\n<li>Prace, kt\u00f3re uzyskaj\u0105 pozytywne recenzje zostan\u0105 wydane przez Polskie Wydawnictwo Ekonomiczne w formie ksi\u0105\u017ckowej.<\/li>\n\n\n\n<li><strong>Koszt publikacji jednej pracy<\/strong> (przygotowanej zgodnie z wytycznymi) w formie rozdzia\u0142u w ksi\u0105\u017cce wydanej przez PWE <strong>wynosi 795 z\u0142<\/strong>.<\/li>\n<\/ul>\n\n\n\n<p><strong>Wp\u0142aty <\/strong>nale\u017cy dokona\u0107 <strong>do 15 lutego 2023 r. <\/strong>na konto:<\/p>\n\n\n\n<p><strong>Santander Bank Polska \u2013 Oddzia\u0142 Opole<br>Nr 94 1500 1575 1215 7001 9444 0000<\/strong><br>Polskie Towarzystwo Zarz\u0105dzania Produkcj\u0105<br>NIP: 754-26-35-750<\/p>\n\n\n\n<p><strong>Pliki do pobrania<\/strong>:<br>Zaproszenie do udzia\u0142u w konferencji: <a rel=\"noreferrer noopener\" href=\"http:\/\/ptzp.org.pl\/files\/konferencje\/kzz\/Konf_zaproszenie_2023.pdf\" target=\"_blank\">PDF<\/a>. <br>Karta zg\u0142oszenia uczestnictwa w konferencji: \u00a0<a rel=\"noreferrer noopener\" href=\"http:\/\/ptzp.org.pl\/files\/konferencje\/kzz\/zgloszenie_konf_2023.doc\" target=\"_blank\">DOC<\/a>.<br>Zg\u0142oszenie pracy do publikacji w monografii:\u00a0<a rel=\"noreferrer noopener\" href=\"http:\/\/ptzp.org.pl\/files\/konferencje\/kzz\/publikacja_2023.doc\" target=\"_blank\">DOC<\/a>. <br>Wytyczne do formatowania tekstu pracy: \u00a0<a rel=\"noreferrer noopener\" href=\"http:\/\/ptzp.org.pl\/files\/konferencje\/kzz\/wzor_artykulu.pdf\" target=\"_blank\">PDF<\/a><\/p>\n","protected":false},"excerpt":{"rendered":"<p>do udzia\u0142u w XXVI Konferencji Przemys\u0142 4.0 a Zarz\u0105dzanie i In\u017cynieria Produkcji (PDF). Konferencja odb\u0119dzie si\u0119 w dniach 11-13.06.2023 w Kompleksie Anta\u0142\u00f3wka przy ulicy Wierchowej 2 w Zakopanem. Karta zg\u0142oszenia uczestnictwa w konferencji: &nbsp;DOC. TEMATYKA PRAC: 1. Cyfryzacja produkcji i przedsi\u0119biorstw2. Automatyzacja i robotyzacja proces\u00f3w3. Innowacyjno\u015b\u0107 proces\u00f3w i produkt\u00f3w4. In\u017cynieria proces\u00f3w wytwarzania5. Logistyka i \u0142a\u0144cuchy [&hellip;]<\/p>\n","protected":false},"author":1,"featured_media":0,"parent":0,"menu_order":0,"comment_status":"closed","ping_status":"closed","template":"","meta":{"_eb_attr":"","footnotes":""},"class_list":["post-3307","page","type-page","status-publish","hentry"],"blocksy_meta":[],"featured_image_urls_v2":{"full":"","thumbnail":"","medium":"","medium_large":"","large":"","1536x1536":"","2048x2048":""},"post_excerpt_stackable_v2":"<p>do udzia\u0142u w XXVI Konferencji Przemys\u0142 4.0 a Zarz\u0105dzanie i In\u017cynieria Produkcji (PDF). Konferencja odb\u0119dzie si\u0119 w dniach 11-13.06.2023 w Kompleksie Anta\u0142\u00f3wka przy ulicy Wierchowej 2 w Zakopanem. Karta zg\u0142oszenia uczestnictwa w konferencji: &nbsp;DOC. TEMATYKA PRAC: 1. Cyfryzacja produkcji i przedsi\u0119biorstw2. Automatyzacja i robotyzacja proces\u00f3w3. Innowacyjno\u015b\u0107 proces\u00f3w i produkt\u00f3w4. In\u017cynieria proces\u00f3w wytwarzania5. Logistyka i \u0142a\u0144cuchy dostaw6. In\u017cynieria jako\u015bci produkcji i us\u0142ug7. Zarz\u0105dzanie organizacjami i zespo\u0142ami ludzkimi8. Efektywno\u015b\u0107 i produktywno\u015b\u0107 przedsi\u0119biorstw9. Organizacja i zarz\u0105dzanie produkcj\u0105, harmonogramowanie zlece\u0144 produkcyjnych10. Zarz\u0105dzanie projektami produkcyjnymi i us\u0142ugowymi11. Zarz\u0105dzanie wiedz\u0105, transfer wiedzy, systemy wspomagania podejmowania decyzji12. Kszta\u0142towanie \u015brodowiska i bezpiecze\u0144stwo pracy13. Zarz\u0105dzanie utrzymaniem ruchu INFORMACJE DOTYCZ\u0104CE&hellip;<\/p>\n","category_list_v2":"","author_info_v2":{"name":"Webmaster","url":"https:\/\/ptzp.org.pl\/index.php\/author\/webmaster\/"},"comments_num_v2":"0 comments","_links":{"self":[{"href":"https:\/\/ptzp.org.pl\/index.php\/wp-json\/wp\/v2\/pages\/3307","targetHints":{"allow":["GET"]}}],"collection":[{"href":"https:\/\/ptzp.org.pl\/index.php\/wp-json\/wp\/v2\/pages"}],"about":[{"href":"https:\/\/ptzp.org.pl\/index.php\/wp-json\/wp\/v2\/types\/page"}],"author":[{"embeddable":true,"href":"https:\/\/ptzp.org.pl\/index.php\/wp-json\/wp\/v2\/users\/1"}],"replies":[{"embeddable":true,"href":"https:\/\/ptzp.org.pl\/index.php\/wp-json\/wp\/v2\/comments?post=3307"}],"version-history":[{"count":16,"href":"https:\/\/ptzp.org.pl\/index.php\/wp-json\/wp\/v2\/pages\/3307\/revisions"}],"predecessor-version":[{"id":4164,"href":"https:\/\/ptzp.org.pl\/index.php\/wp-json\/wp\/v2\/pages\/3307\/revisions\/4164"}],"wp:attachment":[{"href":"https:\/\/ptzp.org.pl\/index.php\/wp-json\/wp\/v2\/media?parent=3307"}],"curies":[{"name":"wp","href":"https:\/\/api.w.org\/{rel}","templated":true}]}}