{"id":3349,"date":"2025-05-07T18:29:34","date_gmt":"2025-05-07T16:29:34","guid":{"rendered":"https:\/\/nowa.ptzp.org.pl\/?page_id=3349"},"modified":"2026-04-15T11:03:23","modified_gmt":"2026-04-15T09:03:23","slug":"organizacja-konferencji","status":"publish","type":"page","link":"https:\/\/ptzp.org.pl\/index.php\/organizacja-konferencji\/","title":{"rendered":"Organizacja konferencji"},"content":{"rendered":"\n<p><strong><span style=\"color: #000000;\" class=\"stk-highlight\">XXIX Konferencja &#8222;Przemys\u0142 5.0 a Zarz\u0105dzanie i In\u017cynieria Produkcji&#8221; odb\u0119dzie si\u0119 w dniach 11-13.10.2026 roku w OKW &#8222;Hyrny&#8221; w Zakopanem.<\/span><\/strong><\/p>\n\n\n\n<p style=\"margin-top:0;margin-bottom:0\"><strong><span style=\"color: #000000;\" class=\"stk-highlight\">Informacje organizacyjne:<\/span><\/strong><\/p>\n\n\n\n<ul style=\"margin-top:var(--wp--preset--spacing--20);margin-bottom:var(--wp--preset--spacing--20);padding-top:0;padding-bottom:0\" class=\"wp-block-list\">\n<li><span style=\"color: #000000;\" class=\"stk-highlight\">Miejscem obrad b\u0119dzie O\u015brodek Konferencyjno-Wypoczynkowy &#8222;Hyrny&#8221; w Zakopanem przy ul. Pi\u0142sudskiego 20<\/span><\/li>\n\n\n\n<li><span style=\"color: #000000;\" class=\"stk-highlight\">Konferencja rozpocznie si\u0119 w niedziel\u0119 11 pa\u017adziernika po obiedzie, za\u015b ko\u0144czy si\u0119 we wtorek 13 pa\u017adziernika przed obiadem<\/span><\/li>\n\n\n\n<li><span style=\"color: #000000;\" class=\"stk-highlight\">Osobie towarzysz\u0105cej zapewniamy rezerwacj\u0119 miejsca w &#8222;Hyrnym&#8221; i w imprezie towarzysz\u0105cej<\/span><\/li>\n\n\n\n<li><span style=\"color: #000000;\" class=\"stk-highlight\">Opcje kosztowe uczestnika konferencji:<\/span><\/li>\n<\/ul>\n\n\n\n<div class=\"wp-block-group is-content-justification-center is-layout-constrained wp-container-core-group-is-layout-287e7ce0 wp-block-group-is-layout-constrained\" style=\"margin-top:0;margin-bottom:0\">\n<div class=\"wp-block-columns are-vertically-aligned-top is-layout-flex wp-container-core-columns-is-layout-28f84493 wp-block-columns-is-layout-flex\">\n<div class=\"wp-block-column is-vertically-aligned-top is-layout-flow wp-block-column-is-layout-flow\" style=\"flex-basis:10%\">\n<p class=\"has-text-align-right\"><span style=\"color: #000000;\" class=\"stk-highlight\">1.<\/span><\/p>\n<\/div>\n\n\n\n<div class=\"wp-block-column is-vertically-aligned-top is-layout-flow wp-block-column-is-layout-flow\" style=\"flex-basis:66.66%\">\n<p><span style=\"color: #000000;\" class=\"stk-highlight\"><strong>1590 z\u0142<\/strong> &#8211; zakwaterowanie w pokoju jednoosobowym, wy\u017cywienie, udzia\u0142 w imprezie towarzysz\u0105cej, wyg\u0142oszenie jednego referatu lub udzia\u0142 bez referatu<\/span><\/p>\n<\/div>\n<\/div>\n\n\n\n<div class=\"wp-block-columns is-layout-flex wp-container-core-columns-is-layout-28f84493 wp-block-columns-is-layout-flex\">\n<div class=\"wp-block-column is-layout-flow wp-block-column-is-layout-flow\" style=\"flex-basis:10%\">\n<p class=\"has-text-align-right\"><span style=\"color: #000000;\" class=\"stk-highlight\">1a.<\/span><\/p>\n<\/div>\n\n\n\n<div class=\"wp-block-column is-vertically-aligned-top is-layout-flow wp-block-column-is-layout-flow\" style=\"flex-basis:66.66%\">\n<p><span style=\"color: #000000;\" class=\"stk-highlight\"><strong>1490 z\u0142<\/strong> &#8211; dla uczestnik\u00f3w, kt\u00f3rzy wnie\u015bli wcze\u015bniej op\u0142at\u0119 za publikacj\u0119<\/span><\/p>\n<\/div>\n<\/div>\n\n\n\n<div class=\"wp-block-columns is-layout-flex wp-container-core-columns-is-layout-28f84493 wp-block-columns-is-layout-flex\">\n<div class=\"wp-block-column is-layout-flow wp-block-column-is-layout-flow\" style=\"flex-basis:10%\">\n<p class=\"has-text-align-right\"><span style=\"color: #000000;\" class=\"stk-highlight\">2<\/span>.<\/p>\n<\/div>\n\n\n\n<div class=\"wp-block-column is-layout-flow wp-block-column-is-layout-flow\" style=\"flex-basis:66.66%\">\n<p><span style=\"color: #000000;\" class=\"stk-highlight\"><strong>1470 z\u0142<\/strong> &#8211; zakwaterowanie w pokoju dwuosobowym<\/span><\/p>\n<\/div>\n<\/div>\n\n\n\n<div class=\"wp-block-columns is-layout-flex wp-container-core-columns-is-layout-28f84493 wp-block-columns-is-layout-flex\">\n<div class=\"wp-block-column is-layout-flow wp-block-column-is-layout-flow\" style=\"flex-basis:10%\">\n<p class=\"has-text-align-right\"><span style=\"color: #000000;\" class=\"stk-highlight\">2a.<\/span><\/p>\n<\/div>\n\n\n\n<div class=\"wp-block-column is-layout-flow wp-block-column-is-layout-flow\" style=\"flex-basis:66.66%\">\n<p><span style=\"color: #000000;\" class=\"stk-highlight\"><strong>1370 z\u0142<\/strong> &#8211; dla uczestnik\u00f3w, kt\u00f3rzy wnie\u015bli <span style=\"color: #000000;\" class=\"stk-highlight\">wcze\u015bniej<\/span> op\u0142at\u0119 <\/span>za publikacj\u0119<\/p>\n<\/div>\n<\/div>\n<\/div>\n\n\n\n<ul style=\"margin-top:var(--wp--preset--spacing--30);margin-bottom:var(--wp--preset--spacing--30)\" class=\"wp-block-list\">\n<li><span style=\"color: #000000;\" class=\"stk-highlight\">Wp\u0142aty prosimy dokonywa\u0107 do 10 wrze\u015bnia 2026r. na konto PTZP<\/span><\/li>\n<\/ul>\n\n\n\n<p style=\"margin-top:0;margin-bottom:0\"><span style=\"color: #000000;\" class=\"stk-highlight\">Aby zg\u0142osi\u0107 sw\u00f3j udzia\u0142 w XXIX Konferencji &#8222;Przemys\u0142 5.0 a Zarz\u0105dzanie i In\u017cynieria Produkcji&#8221; prosimy skorzysta\u0107 z formularza: <\/span><a href=\"https:\/\/ptzp.org.pl\/wp-content\/uploads\/2025\/10\/zgloszenie_konferencja-2026.doc\">Formularz_zg\u0142oszenia<\/a><\/p>\n\n\n\n<p><span style=\"color: #000000;\" class=\"stk-highlight\">Wype\u0142niony formularz zg\u0142oszenia udzia\u0142u w konferencji prosimy przes\u0142a\u0107 na adres<\/span> <a href=\"mailto:zakopane@ptzp.org.pl\">zakopane@ptzp.org.pl<\/a><\/p>\n\n\n\n<figure class=\"wp-block-table is-style-stripes\" style=\"margin-top:var(--wp--preset--spacing--50);margin-bottom:var(--wp--preset--spacing--50)\"><table class=\"has-fixed-layout\" style=\"border-width:1px\"><tbody><tr><td><strong>Kontakt w sprawie <\/strong><strong>udzia\u0142u w Konferencji:<\/strong><\/td><td><strong><strong>Sekretarz naukowy<\/strong> Konferencji:<\/strong><\/td><td><strong>Kontakt w sprawie p\u0142atno\u015bci:<\/strong><\/td><\/tr><tr><td>dr in\u017c. Mariusz Ko\u0142osowski&nbsp;<br>e-mail:&nbsp;<a href=\"mailto:zakopane@ptzp.org.pl\">zakopane(at)ptzp.org.pl<\/a><br>tel. kom.: +48 606 206 058<\/td><td>dr in\u017c. Piotr Wittbrodt<br>tel. kom.: +48 692 627 853<br>e-mail:&nbsp;<a href=\"mailto:recenzja.zakopane@ptzp.org.pl\">recenzja.zakopane(at)ptzp.org.pl<\/a><\/td><td>mgr Barbara Radomska<br>tel. kom.: +48 661 356 305<br>e-mail:&nbsp;<a href=\"mailto:biuro@ptzp.org.pl\">biuro(at)ptzp.org.pl<\/a><\/td><\/tr><\/tbody><\/table><\/figure>\n\n\n\n<p><\/p>\n\n\n\n<p><strong>Konto bankowe:<\/strong><\/p>\n\n\n\n<p><strong>Santander Bank Polska \u2013 Oddzia\u0142 Opole<br>Nr 94 1500 1575 1215 7001 9444 0000<\/strong><br>Polskie Towarzystwo Zarz\u0105dzania Produkcj\u0105<br>NIP: 754-26-35-750<\/p>\n\n\n\n\n\n<p><\/p>\n","protected":false},"excerpt":{"rendered":"<p>XXIX Konferencja &#8222;Przemys\u0142 5.0 a Zarz\u0105dzanie i In\u017cynieria Produkcji&#8221; odb\u0119dzie si\u0119 w dniach 11-13.10.2026 roku w OKW &#8222;Hyrny&#8221; w Zakopanem. Informacje organizacyjne: 1. 1590 z\u0142 &#8211; zakwaterowanie w pokoju jednoosobowym, wy\u017cywienie, udzia\u0142 w imprezie towarzysz\u0105cej, wyg\u0142oszenie jednego referatu lub udzia\u0142 bez referatu 1a. 1490 z\u0142 &#8211; dla uczestnik\u00f3w, kt\u00f3rzy wnie\u015bli wcze\u015bniej op\u0142at\u0119 za publikacj\u0119 2. [&hellip;]<\/p>\n","protected":false},"author":1,"featured_media":0,"parent":0,"menu_order":0,"comment_status":"closed","ping_status":"closed","template":"","meta":{"_eb_attr":"","footnotes":""},"class_list":["post-3349","page","type-page","status-publish","hentry"],"blocksy_meta":[],"featured_image_urls_v2":{"full":"","thumbnail":"","medium":"","medium_large":"","large":"","1536x1536":"","2048x2048":""},"post_excerpt_stackable_v2":"<p>XXIX Konferencja &#8222;Przemys\u0142 5.0 a Zarz\u0105dzanie i In\u017cynieria Produkcji&#8221; odb\u0119dzie si\u0119 w dniach 11-13.10.2026 roku w OKW &#8222;Hyrny&#8221; w Zakopanem. Informacje organizacyjne: Miejscem obrad b\u0119dzie O\u015brodek Konferencyjno-Wypoczynkowy &#8222;Hyrny&#8221; w Zakopanem przy ul. Pi\u0142sudskiego 20 Konferencja rozpocznie si\u0119 w niedziel\u0119 11 pa\u017adziernika po obiedzie, za\u015b ko\u0144czy si\u0119 we wtorek 13 pa\u017adziernika przed obiadem Osobie towarzysz\u0105cej zapewniamy rezerwacj\u0119 miejsca w &#8222;Hyrnym&#8221; i w imprezie towarzysz\u0105cej Opcje kosztowe uczestnika konferencji: 1. 1590 z\u0142 &#8211; zakwaterowanie w pokoju jednoosobowym, wy\u017cywienie, udzia\u0142 w imprezie towarzysz\u0105cej, wyg\u0142oszenie jednego referatu lub udzia\u0142 bez referatu 1a. 1490 z\u0142 &#8211; dla uczestnik\u00f3w, kt\u00f3rzy wnie\u015bli wcze\u015bniej op\u0142at\u0119 za publikacj\u0119 2.&hellip;<\/p>\n","category_list_v2":"","author_info_v2":{"name":"Webmaster","url":"https:\/\/ptzp.org.pl\/index.php\/author\/webmaster\/"},"comments_num_v2":"0 comments","_links":{"self":[{"href":"https:\/\/ptzp.org.pl\/index.php\/wp-json\/wp\/v2\/pages\/3349","targetHints":{"allow":["GET"]}}],"collection":[{"href":"https:\/\/ptzp.org.pl\/index.php\/wp-json\/wp\/v2\/pages"}],"about":[{"href":"https:\/\/ptzp.org.pl\/index.php\/wp-json\/wp\/v2\/types\/page"}],"author":[{"embeddable":true,"href":"https:\/\/ptzp.org.pl\/index.php\/wp-json\/wp\/v2\/users\/1"}],"replies":[{"embeddable":true,"href":"https:\/\/ptzp.org.pl\/index.php\/wp-json\/wp\/v2\/comments?post=3349"}],"version-history":[{"count":34,"href":"https:\/\/ptzp.org.pl\/index.php\/wp-json\/wp\/v2\/pages\/3349\/revisions"}],"predecessor-version":[{"id":4438,"href":"https:\/\/ptzp.org.pl\/index.php\/wp-json\/wp\/v2\/pages\/3349\/revisions\/4438"}],"wp:attachment":[{"href":"https:\/\/ptzp.org.pl\/index.php\/wp-json\/wp\/v2\/media?parent=3349"}],"curies":[{"name":"wp","href":"https:\/\/api.w.org\/{rel}","templated":true}]}}