{"id":3400,"date":"2023-03-26T08:48:12","date_gmt":"2023-03-26T06:48:12","guid":{"rendered":"https:\/\/nowa.ptzp.org.pl\/?page_id=3400"},"modified":"2025-09-08T11:29:11","modified_gmt":"2025-09-08T09:29:11","slug":"monografie-inzynieria-zarzadzania-cyfryzacja-produkcji","status":"publish","type":"page","link":"https:\/\/ptzp.org.pl\/index.php\/monografie-inzynieria-zarzadzania-cyfryzacja-produkcji\/","title":{"rendered":"In\u017cynieria zarz\u0105dzania. Cyfryzacja produkcji."},"content":{"rendered":"\n<p>Cykl wydawniczy \u201eIn\u017cynieria Zarz\u0105dzania. Cyfryzacja Produkcji\u201d. Redakcja naukowa Ryszard Knosala.<\/p>\n\n\n\n<ul class=\"wp-block-list\">\n<li><a href=\"https:\/\/www.pwe.com.pl\/ksiazki\/metody-ilosciowe\/inzynieria-zarzadzania-cyfryzacja-produkcji-aktualnosci-badawcze-7,p1761808638\">In\u017cynieria zarz\u0105dzania. Cyfryzacja produkcji. Aktualno\u015bci badawcze 7. PWE, 2025.<\/a><\/li>\n\n\n\n<li><a href=\"https:\/\/www.pwe.com.pl\/ksiazki\/metody-ilosciowe\/inzynieria-zarzadzania-cyfryzacja-produkcji-aktualnosci-badawcze-6,p248737662\">In\u017cynieria zarz\u0105dzania. Cyfryzacja produkcji. Aktualno\u015bci badawcze 6. PWE, 2024.<\/a><\/li>\n\n\n\n<li><a href=\"https:\/\/www.pwe.com.pl\/ksiazki\/metody-ilosciowe\/inzynieria-zarzadzania-cyfryzacja-produkcji-aktualnosci-badawcze-5,p140225827\">In\u017cynieria zarz\u0105dzania. Cyfryzacja produkcji. Aktualno\u015bci badawcze 5. PWE, 2023.<\/a><\/li>\n\n\n\n<li><a href=\"https:\/\/www.pwe.com.pl\/ksiazki\/metody-ilosciowe\/inzynieria-zarzadzania-cyfryzacja-produkcji-aktualnosci-badawcze-4,p1715632993\">In\u017cynieria zarz\u0105dzania. Cyfryzacja produkcji. Aktualno\u015bci badawcze 4. PWE, 2022.<\/a><\/li>\n\n\n\n<li><a href=\"https:\/\/www.pwe.com.pl\/ksiazki\/metody-ilosciowe\/inzynieria-zarzadzania-cyfryzacja-produkcji-aktualnosci-badawcze-3,p1685105351\">In\u017cynieria zarz\u0105dzania. Cyfryzacja produkcji. Aktualno\u015bci badawcze 3. PWE, 2021.<\/a><\/li>\n\n\n\n<li><a href=\"https:\/\/www.pwe.com.pl\/ksiazki\/metody-ilosciowe\/inzynieria-zarzadzania-cyfryzacja-produkcji-aktualnosci-badawcze-2,p370687119\">In\u017cynieria zarz\u0105dzania. Cyfryzacja produkcji. Aktualno\u015bci badawcze 2. PWE, 2020.<\/a><\/li>\n\n\n\n<li><a href=\"https:\/\/www.pwe.com.pl\/ksiazki\/metody-ilosciowe\/inzynieria-zarzadzania-cyfryzacja-produkcji-aktualnosci-badawcze-1,p1634563179\">In\u017cynieria zarz\u0105dzania. Cyfryzacja produkcji. Aktualno\u015bci badawcze 1. PWE, 2019.<\/a><\/li>\n<\/ul>\n\n\n\n<p> &nbsp;<\/p>\n\n\n\n<p><\/p>\n","protected":false},"excerpt":{"rendered":"<p>Cykl wydawniczy \u201eIn\u017cynieria Zarz\u0105dzania. Cyfryzacja Produkcji\u201d. Redakcja naukowa Ryszard Knosala. &nbsp;<\/p>\n","protected":false},"author":1,"featured_media":0,"parent":0,"menu_order":0,"comment_status":"closed","ping_status":"closed","template":"","meta":{"_eb_attr":"","footnotes":""},"class_list":["post-3400","page","type-page","status-publish","hentry"],"blocksy_meta":[],"featured_image_urls_v2":{"full":"","thumbnail":"","medium":"","medium_large":"","large":"","1536x1536":"","2048x2048":""},"post_excerpt_stackable_v2":"<p>Cykl wydawniczy \u201eIn\u017cynieria Zarz\u0105dzania. Cyfryzacja Produkcji\u201d. Redakcja naukowa Ryszard Knosala. In\u017cynieria zarz\u0105dzania. Cyfryzacja produkcji. Aktualno\u015bci badawcze 7. PWE, 2025. In\u017cynieria zarz\u0105dzania. Cyfryzacja produkcji. Aktualno\u015bci badawcze 6. PWE, 2024. In\u017cynieria zarz\u0105dzania. Cyfryzacja produkcji. Aktualno\u015bci badawcze 5. PWE, 2023. In\u017cynieria zarz\u0105dzania. Cyfryzacja produkcji. Aktualno\u015bci badawcze 4. PWE, 2022. In\u017cynieria zarz\u0105dzania. Cyfryzacja produkcji. Aktualno\u015bci badawcze 3. PWE, 2021. In\u017cynieria zarz\u0105dzania. Cyfryzacja produkcji. Aktualno\u015bci badawcze 2. PWE, 2020. In\u017cynieria zarz\u0105dzania. Cyfryzacja produkcji. Aktualno\u015bci badawcze 1. PWE, 2019. &nbsp;<\/p>\n","category_list_v2":"","author_info_v2":{"name":"Webmaster","url":"https:\/\/ptzp.org.pl\/index.php\/author\/webmaster\/"},"comments_num_v2":"0 comments","_links":{"self":[{"href":"https:\/\/ptzp.org.pl\/index.php\/wp-json\/wp\/v2\/pages\/3400","targetHints":{"allow":["GET"]}}],"collection":[{"href":"https:\/\/ptzp.org.pl\/index.php\/wp-json\/wp\/v2\/pages"}],"about":[{"href":"https:\/\/ptzp.org.pl\/index.php\/wp-json\/wp\/v2\/types\/page"}],"author":[{"embeddable":true,"href":"https:\/\/ptzp.org.pl\/index.php\/wp-json\/wp\/v2\/users\/1"}],"replies":[{"embeddable":true,"href":"https:\/\/ptzp.org.pl\/index.php\/wp-json\/wp\/v2\/comments?post=3400"}],"version-history":[{"count":4,"href":"https:\/\/ptzp.org.pl\/index.php\/wp-json\/wp\/v2\/pages\/3400\/revisions"}],"predecessor-version":[{"id":4228,"href":"https:\/\/ptzp.org.pl\/index.php\/wp-json\/wp\/v2\/pages\/3400\/revisions\/4228"}],"wp:attachment":[{"href":"https:\/\/ptzp.org.pl\/index.php\/wp-json\/wp\/v2\/media?parent=3400"}],"curies":[{"name":"wp","href":"https:\/\/api.w.org\/{rel}","templated":true}]}}