{"id":3493,"date":"2023-06-11T12:03:08","date_gmt":"2023-06-11T10:03:08","guid":{"rendered":"https:\/\/nowa.ptzp.org.pl\/?page_id=3493"},"modified":"2025-02-27T17:07:03","modified_gmt":"2025-02-27T16:07:03","slug":"konkurs-na-najlepsza-rozprawe-doktorska-w-obszarze-naukowym-inzynieria-produkcji","status":"publish","type":"page","link":"https:\/\/ptzp.org.pl\/index.php\/konkurs-na-najlepsza-rozprawe-doktorska-w-obszarze-naukowym-inzynieria-produkcji\/","title":{"rendered":"Konkurs na najlepsz\u0105 rozpraw\u0119 doktorsk\u0105"},"content":{"rendered":"\n<p><\/p>\n\n\n\n<p><strong>Zapraszamy cz\u0142onk\u00f3w Towarzystwa<\/strong>&nbsp;do udzia\u0142u w kolejnej edycji konkursu na najlepsz\u0105 rozpraw\u0119 doktorsk\u0105 w obszarze naukowym in\u017cynieria produkcji obronion\u0105 w latach 2025-2026.<\/p>\n\n\n\n<p>Warunkiem wzi\u0119cia udzia\u0142u w konkursie jest przes\u0142anie listem poleconym na opolski adres Towarzystwa, najp\u00f3\u017aniej&nbsp;<strong>do dnia 10 stycznia 2027<\/strong>, wersji elektronicznej rozprawy na p\u0142ycie CD oraz kopii dyplomu doktorskiego lub za\u015bwiadczenia podpisanego przez osob\u0119 uprawnion\u0105, kt\u00f3re stwierdza, \u017ce&nbsp;<strong>rozprawa zosta\u0142a obroniona w latach 2025 \u2013 2026.<\/strong><\/p>\n\n\n\n<p>Dla laureata Konkursu przewidziana jest nagroda w wysoko\u015bci<strong> 5000<\/strong> z\u0142.<\/p>\n\n\n\n<ul class=\"wp-block-list\">\n<li><a href=\"https:\/\/ptzp.org.pl\/wp-content\/uploads\/2025\/01\/Konkurs_Phd_2025_2026.pdf\">Regulamin Konkursu<\/a><\/li>\n\n\n\n<li><a href=\"https:\/\/ptzp.org.pl\/wp-content\/uploads\/2025\/01\/Komisja-konkursowa-i-zgloszone-prace-2024-1.pdf\">Komisja Konkursowa i prace zg\u0142oszone na Konkurs<\/a><\/li>\n<\/ul>\n\n\n\n<p>Wyniki poprzedniej edycji konkursu:<\/p>\n\n\n\n<p><a href=\"https:\/\/ptzp.org.pl\/wp-content\/uploads\/2025\/02\/Wyniki-konkursu-na-najlepsza-prace-dr2022-2024.pdf\" data-type=\"attachment\" data-id=\"4149\">Wyniki konkursu na najlepsz\u0105 prac\u0119 doktorsk\u0105 2022-2024<\/a><\/p>\n\n\n\n\n\n<p><\/p>\n","protected":false},"excerpt":{"rendered":"<p>Zapraszamy cz\u0142onk\u00f3w Towarzystwa&nbsp;do udzia\u0142u w kolejnej edycji konkursu na najlepsz\u0105 rozpraw\u0119 doktorsk\u0105 w obszarze naukowym in\u017cynieria produkcji obronion\u0105 w latach 2025-2026. Warunkiem wzi\u0119cia udzia\u0142u w konkursie jest przes\u0142anie listem poleconym na opolski adres Towarzystwa, najp\u00f3\u017aniej&nbsp;do dnia 10 stycznia 2027, wersji elektronicznej rozprawy na p\u0142ycie CD oraz kopii dyplomu doktorskiego lub za\u015bwiadczenia podpisanego przez osob\u0119 uprawnion\u0105, [&hellip;]<\/p>\n","protected":false},"author":1,"featured_media":0,"parent":0,"menu_order":0,"comment_status":"closed","ping_status":"closed","template":"","meta":{"_eb_attr":"","footnotes":""},"class_list":["post-3493","page","type-page","status-publish","hentry"],"blocksy_meta":[],"featured_image_urls_v2":{"full":"","thumbnail":"","medium":"","medium_large":"","large":"","1536x1536":"","2048x2048":""},"post_excerpt_stackable_v2":"<p>Zapraszamy cz\u0142onk\u00f3w Towarzystwa&nbsp;do udzia\u0142u w kolejnej edycji konkursu na najlepsz\u0105 rozpraw\u0119 doktorsk\u0105 w obszarze naukowym in\u017cynieria produkcji obronion\u0105 w latach 2025-2026. Warunkiem wzi\u0119cia udzia\u0142u w konkursie jest przes\u0142anie listem poleconym na opolski adres Towarzystwa, najp\u00f3\u017aniej&nbsp;do dnia 10 stycznia 2027, wersji elektronicznej rozprawy na p\u0142ycie CD oraz kopii dyplomu doktorskiego lub za\u015bwiadczenia podpisanego przez osob\u0119 uprawnion\u0105, kt\u00f3re stwierdza, \u017ce&nbsp;rozprawa zosta\u0142a obroniona w latach 2025 \u2013 2026. Dla laureata Konkursu przewidziana jest nagroda w wysoko\u015bci 5000 z\u0142. Regulamin Konkursu Komisja Konkursowa i prace zg\u0142oszone na Konkurs Wyniki poprzedniej edycji konkursu: Wyniki konkursu na najlepsz\u0105 prac\u0119 doktorsk\u0105 2022-2024<\/p>\n","category_list_v2":"","author_info_v2":{"name":"Webmaster","url":"https:\/\/ptzp.org.pl\/index.php\/author\/webmaster\/"},"comments_num_v2":"0 comments","_links":{"self":[{"href":"https:\/\/ptzp.org.pl\/index.php\/wp-json\/wp\/v2\/pages\/3493","targetHints":{"allow":["GET"]}}],"collection":[{"href":"https:\/\/ptzp.org.pl\/index.php\/wp-json\/wp\/v2\/pages"}],"about":[{"href":"https:\/\/ptzp.org.pl\/index.php\/wp-json\/wp\/v2\/types\/page"}],"author":[{"embeddable":true,"href":"https:\/\/ptzp.org.pl\/index.php\/wp-json\/wp\/v2\/users\/1"}],"replies":[{"embeddable":true,"href":"https:\/\/ptzp.org.pl\/index.php\/wp-json\/wp\/v2\/comments?post=3493"}],"version-history":[{"count":19,"href":"https:\/\/ptzp.org.pl\/index.php\/wp-json\/wp\/v2\/pages\/3493\/revisions"}],"predecessor-version":[{"id":4153,"href":"https:\/\/ptzp.org.pl\/index.php\/wp-json\/wp\/v2\/pages\/3493\/revisions\/4153"}],"wp:attachment":[{"href":"https:\/\/ptzp.org.pl\/index.php\/wp-json\/wp\/v2\/media?parent=3493"}],"curies":[{"name":"wp","href":"https:\/\/api.w.org\/{rel}","templated":true}]}}