{"id":3549,"date":"2023-07-27T12:11:28","date_gmt":"2023-07-27T10:11:28","guid":{"rendered":"https:\/\/ptzp.org.pl\/?page_id=3549"},"modified":"2026-04-09T21:15:02","modified_gmt":"2026-04-09T19:15:02","slug":"monografia","status":"publish","type":"page","link":"https:\/\/ptzp.org.pl\/index.php\/monografia\/","title":{"rendered":"Zaproszenie do publikacji w monografii naukowej"},"content":{"rendered":"\n<p><\/p>\n\n\n\n<p>Zapraszamy wzorem lat ubieg\u0142ych do publikacji pracy naukowej w kolejnej monografii naukowej pt. <strong>IN\u017bYNIERIA ZARZ\u0104DZANIA. CYFRYZACJA PRODUKCJI. Aktualno\u015bci badawcze 8<\/strong>, redakcja naukowa Ryszard Knosala, Polskie Wydawnictwo Ekonomiczne, 2026. Nades\u0142ane prace, kt\u00f3re uzyskaj\u0105 pozytywn\u0105 recenzj\u0119, zostan\u0105 opublikowane jako rozdzia\u0142y w monografii (<strong>20 punkt\u00f3w<\/strong>). Dotychczas wydane monografie w ramach cyklu IN\u017bYNIERIA ZARZ\u0104DZANIA. CYFRYZACJA PRODUKCJI znajdziesz <a href=\"https:\/\/ptzp.org.pl\/index.php\/monografie-inzynieria-zarzadzania-cyfryzacja-produkcji\/\" data-type=\"page\" data-id=\"3400\">tutaj<\/a>.<\/p>\n\n\n\n<p><strong>TEMATYKA PRAC:<\/strong><\/p>\n\n\n\n<ul class=\"wp-block-list\">\n<li>Cyfryzacja produkcji i przedsi\u0119biorstw<\/li>\n\n\n\n<li>Automatyzacja i robotyzacja proces\u00f3w<\/li>\n\n\n\n<li>Innowacyjno\u015b\u0107 proces\u00f3w i produkt\u00f3w<\/li>\n\n\n\n<li>In\u017cynieria proces\u00f3w wytwarzania<\/li>\n\n\n\n<li>Logistyka i \u0142a\u0144cuchy dostaw<\/li>\n\n\n\n<li>In\u017cynieria jako\u015bci produkcji i us\u0142ug<\/li>\n\n\n\n<li>Zarz\u0105dzanie organizacjami i zespo\u0142ami ludzkimi<\/li>\n\n\n\n<li>Efektywno\u015b\u0107 i produktywno\u015b\u0107 przedsi\u0119biorstw<\/li>\n\n\n\n<li>Organizacja i zarz\u0105dzanie produkcj\u0105, harmonogramowanie zlece\u0144 produkcyjnych<\/li>\n\n\n\n<li>Zarz\u0105dzanie projektami produkcyjnymi i us\u0142ugowymi<\/li>\n\n\n\n<li>Zarz\u0105dzanie wiedz\u0105, transfer wiedzy, systemy wspomagania podejmowania decyzji<\/li>\n\n\n\n<li>Kszta\u0142towanie \u015brodowiska i bezpiecze\u0144stwo pracy<\/li>\n\n\n\n<li>Zarz\u0105dzanie utrzymaniem ruchu<\/li>\n\n\n\n<li>Zr\u00f3wnowa\u017cony rozw\u00f3j i ochrona \u015brodowiska<\/li>\n<\/ul>\n\n\n\n<p><strong>INFORMACJE DOTYCZ\u0104CE PUBLIKACJI PRAC:<\/strong><\/p>\n\n\n\n<ul class=\"wp-block-list\">\n<li><strong>Wytyczne <\/strong>do formatowania tekstu pracy: &nbsp;<a href=\"https:\/\/ptzp.org.pl\/wp-content\/uploads\/2023\/07\/Wytyczne_dla_autorow.pdf\" data-type=\"attachment\" data-id=\"3627\">PDF<\/a><\/li>\n\n\n\n<li><strong>Zg\u0142oszenie <\/strong>pracy do publikacji w monografii:&nbsp;<a href=\"https:\/\/ptzp.org.pl\/wp-content\/uploads\/2025\/10\/Zgloszenie_publikacji_2026.doc\" data-type=\"attachment\" data-id=\"3628\">DOC<\/a>.<\/li>\n\n\n\n<li><strong>Termin nadsy\u0142ania prac<\/strong>&nbsp;w formie elektronicznej<strong>&nbsp;wraz z kart\u0105 zg\u0142oszenia pracy do publikacji&nbsp;<\/strong>na adres email <a href=\"mailto:zakopane@ptzp.org.pl\">zakopane(at)ptzp.org.pl<\/a> up\u0142ywa&nbsp;<strong>5 marca 2026 roku<\/strong>&nbsp;&#8211; <strong><em>termin prolongowano do 22 marca 2026 roku.<\/em><\/strong><\/li>\n\n\n\n<li><strong>Koszt publikacji jednej pracy<\/strong>&nbsp;(przygotowanej zgodnie z wytycznymi) w formie rozdzia\u0142u w ksi\u0105\u017cce wydanej przez PWE&nbsp;wynosi <strong>990 z\u0142<\/strong>.<\/li>\n<\/ul>\n\n\n\n<p><strong>Wp\u0142aty\u00a0<\/strong>nale\u017cy dokona\u0107\u00a0<strong>do 10 kwietnia 2026 r.\u00a0<\/strong>(<strong>ze wzgl\u0119du na prolongat\u0119 terminu nadsy\u0142ania prac, termin wp\u0142at zostaje przed\u0142u\u017cony do 20 kwietnia 2026<\/strong>). W tytule przelewu nale\u017cy poda\u0107 imi\u0119 i nazwisko pierwszego autora pracy oraz s\u0142owo \u201epublikacja\u201d). <br>Dane konta do wp\u0142at:<\/p>\n\n\n\n<p><strong>Santander Bank Polska \u2013 Oddzia\u0142 Opole<br>Nr 94 1500 1575 1215 7001 9444 0000<\/strong><br>Polskie Towarzystwo Zarz\u0105dzania Produkcj\u0105<br>NIP: 754-26-35-750<\/p>\n\n\n\n<figure class=\"wp-block-table is-style-stripes\" style=\"margin-top:var(--wp--preset--spacing--50);margin-bottom:var(--wp--preset--spacing--50)\"><table class=\"has-fixed-layout\" style=\"border-width:1px\"><tbody><tr><td><strong>Kontakt w sprawie <\/strong><strong>udzia\u0142u w Konferencji:<\/strong><\/td><td><strong><strong>Sekretarz naukowy<\/strong> Konferencji:<\/strong><\/td><td><strong>Kontakt w sprawie p\u0142atno\u015bci:<\/strong><\/td><\/tr><tr><td>dr in\u017c. Mariusz Ko\u0142osowski&nbsp;<br>e-mail:&nbsp;<a href=\"mailto:zakopane@ptzp.org.pl\">zakopane(at)ptzp.org.pl<\/a><br>tel. kom.: +48 606 206 058<\/td><td>dr in\u017c. Piotr Wittbrodt<br>tel. kom.: +48 692 627 853<br>e-mail:&nbsp;<a href=\"mailto:recenzja.zakopane@ptzp.org.pl\">recenzja.zakopane(at)ptzp.org.pl<\/a><\/td><td>mgr Barbara Radomska<br>tel. kom.: +48 661 356 305<br>e-mail:&nbsp;<a href=\"mailto:biuro@ptzp.org.pl\">biuro(at)ptzp.org.pl<\/a><\/td><\/tr><\/tbody><\/table><\/figure>\n\n\n\n<p><\/p>\n\n\n\n\n","protected":false},"excerpt":{"rendered":"<p>Zapraszamy wzorem lat ubieg\u0142ych do publikacji pracy naukowej w kolejnej monografii naukowej pt. IN\u017bYNIERIA ZARZ\u0104DZANIA. CYFRYZACJA PRODUKCJI. Aktualno\u015bci badawcze 8, redakcja naukowa Ryszard Knosala, Polskie Wydawnictwo Ekonomiczne, 2026. Nades\u0142ane prace, kt\u00f3re uzyskaj\u0105 pozytywn\u0105 recenzj\u0119, zostan\u0105 opublikowane jako rozdzia\u0142y w monografii (20 punkt\u00f3w). Dotychczas wydane monografie w ramach cyklu IN\u017bYNIERIA ZARZ\u0104DZANIA. CYFRYZACJA PRODUKCJI znajdziesz tutaj. TEMATYKA [&hellip;]<\/p>\n","protected":false},"author":1,"featured_media":3553,"parent":0,"menu_order":0,"comment_status":"closed","ping_status":"closed","template":"","meta":{"_eb_attr":"","footnotes":""},"class_list":["post-3549","page","type-page","status-publish","has-post-thumbnail","hentry"],"blocksy_meta":[],"featured_image_urls_v2":{"full":["https:\/\/ptzp.org.pl\/wp-content\/uploads\/2023\/07\/XXVII-Konferencja.png",1200,628,false],"thumbnail":["https:\/\/ptzp.org.pl\/wp-content\/uploads\/2023\/07\/XXVII-Konferencja-150x150.png",150,150,true],"medium":["https:\/\/ptzp.org.pl\/wp-content\/uploads\/2023\/07\/XXVII-Konferencja-300x157.png",300,157,true],"medium_large":["https:\/\/ptzp.org.pl\/wp-content\/uploads\/2023\/07\/XXVII-Konferencja-768x402.png",768,402,true],"large":["https:\/\/ptzp.org.pl\/wp-content\/uploads\/2023\/07\/XXVII-Konferencja-1024x536.png",1024,536,true],"1536x1536":["https:\/\/ptzp.org.pl\/wp-content\/uploads\/2023\/07\/XXVII-Konferencja.png",1200,628,false],"2048x2048":["https:\/\/ptzp.org.pl\/wp-content\/uploads\/2023\/07\/XXVII-Konferencja.png",1200,628,false]},"post_excerpt_stackable_v2":"<p>Zapraszamy wzorem lat ubieg\u0142ych do publikacji pracy naukowej w kolejnej monografii naukowej pt. IN\u017bYNIERIA ZARZ\u0104DZANIA. CYFRYZACJA PRODUKCJI. Aktualno\u015bci badawcze 8, redakcja naukowa Ryszard Knosala, Polskie Wydawnictwo Ekonomiczne, 2026. Nades\u0142ane prace, kt\u00f3re uzyskaj\u0105 pozytywn\u0105 recenzj\u0119, zostan\u0105 opublikowane jako rozdzia\u0142y w monografii (20 punkt\u00f3w). Dotychczas wydane monografie w ramach cyklu IN\u017bYNIERIA ZARZ\u0104DZANIA. CYFRYZACJA PRODUKCJI znajdziesz tutaj. TEMATYKA PRAC: Cyfryzacja produkcji i przedsi\u0119biorstw Automatyzacja i robotyzacja proces\u00f3w Innowacyjno\u015b\u0107 proces\u00f3w i produkt\u00f3w In\u017cynieria proces\u00f3w wytwarzania Logistyka i \u0142a\u0144cuchy dostaw In\u017cynieria jako\u015bci produkcji i us\u0142ug Zarz\u0105dzanie organizacjami i zespo\u0142ami ludzkimi Efektywno\u015b\u0107 i produktywno\u015b\u0107 przedsi\u0119biorstw Organizacja i zarz\u0105dzanie produkcj\u0105, harmonogramowanie zlece\u0144 produkcyjnych Zarz\u0105dzanie projektami produkcyjnymi i&hellip;<\/p>\n","category_list_v2":"","author_info_v2":{"name":"Webmaster","url":"https:\/\/ptzp.org.pl\/index.php\/author\/webmaster\/"},"comments_num_v2":"0 comments","_links":{"self":[{"href":"https:\/\/ptzp.org.pl\/index.php\/wp-json\/wp\/v2\/pages\/3549","targetHints":{"allow":["GET"]}}],"collection":[{"href":"https:\/\/ptzp.org.pl\/index.php\/wp-json\/wp\/v2\/pages"}],"about":[{"href":"https:\/\/ptzp.org.pl\/index.php\/wp-json\/wp\/v2\/types\/page"}],"author":[{"embeddable":true,"href":"https:\/\/ptzp.org.pl\/index.php\/wp-json\/wp\/v2\/users\/1"}],"replies":[{"embeddable":true,"href":"https:\/\/ptzp.org.pl\/index.php\/wp-json\/wp\/v2\/comments?post=3549"}],"version-history":[{"count":34,"href":"https:\/\/ptzp.org.pl\/index.php\/wp-json\/wp\/v2\/pages\/3549\/revisions"}],"predecessor-version":[{"id":4414,"href":"https:\/\/ptzp.org.pl\/index.php\/wp-json\/wp\/v2\/pages\/3549\/revisions\/4414"}],"wp:featuredmedia":[{"embeddable":true,"href":"https:\/\/ptzp.org.pl\/index.php\/wp-json\/wp\/v2\/media\/3553"}],"wp:attachment":[{"href":"https:\/\/ptzp.org.pl\/index.php\/wp-json\/wp\/v2\/media?parent=3549"}],"curies":[{"name":"wp","href":"https:\/\/api.w.org\/{rel}","templated":true}]}}