{"id":3732,"date":"2023-09-12T21:16:32","date_gmt":"2023-09-12T19:16:32","guid":{"rendered":"https:\/\/ptzp.org.pl\/?page_id=3732"},"modified":"2024-05-14T13:05:36","modified_gmt":"2024-05-14T11:05:36","slug":"cyfryzacja-zarzadzania","status":"publish","type":"page","link":"https:\/\/ptzp.org.pl\/index.php\/cyfryzacja-zarzadzania\/","title":{"rendered":"Cykl wydawniczy Cyfryzacja Zarz\u0105dzania"},"content":{"rendered":"\n<p>W ramach najnowszej inicjatywy wydawniczej, we wsp\u00f3\u0142pracy z PWE, zaplanowano nowy cykl publikacji ksi\u0105\u017ckowych p.t. \u201eCyfryzacja Zarz\u0105dzania\u201d. Redakcja naukowa Ryszard Knosala. Poni\u017cej przedstawiono plan wydawniczy cyklu. <a href=\"https:\/\/www.pwe.com.pl\/serie-wydawnicze\/cyfryzacja-zarzadzania\">Dost\u0119pne pozycje cyklu mo\u017cna znale\u017a\u0107 na stronie PWE<\/a>.<\/p>\n\n\n\n<figure class=\"wp-block-table is-style-regular\"><table><tbody><tr><td><strong>Lp.<\/strong><\/td><td><strong>Tytu\u0142<\/strong><\/td><td><strong>Autorzy<\/strong><\/td><\/tr><tr><td rowspan=\"5\">1<\/td><td rowspan=\"5\"><strong>Zastosowania innowacyjnych technologii informatycznych<\/strong><\/td><td>prof. dr hab. in\u017c. Ryszard Knosala, dr h. c. multi&nbsp;<\/td><\/tr><tr><td>dr in\u017c. Pawe\u0142 Buchwald, Akademia, Wy\u017csza Szko\u0142a Biznesu w D\u0105browie G\u00f3rniczej &nbsp;<\/td><\/tr><tr><td>dr hab. in\u017c. Mariusz Kostrzewski, prof. Politechniki Warszawskiej &nbsp;<\/td><\/tr><tr><td>dr in\u017c. Sylwester Oleszek, firma: Transition Technologies PSC<\/td><\/tr><tr><td>dr in\u017c. Andrzej Szajna, firma: DTP Sp. z o. o. Zielona G\u00f3ra<\/td><\/tr><tr><td rowspan=\"2\">2<\/td><td rowspan=\"2\"><strong>Zarz\u0105dzanie wiedz\u0105 in\u017cyniersk\u0105<\/strong><\/td><td>prof. dr hab. in\u017c. Justyna Patalas-Maliszewska, Uniwersytet Zielonog\u00f3rski<\/td><\/tr><tr><td>prof. dr hab. in\u017c. Jerzy Pokojski, Politechnika Warszawska<\/td><\/tr><tr><td rowspan=\"3\">3<\/td><td rowspan=\"3\"><strong>&nbsp;<\/strong> <strong>Cyfryzacja zarz\u0105dzania zasobami ludzkimi<\/strong> &nbsp; &nbsp; &nbsp;<\/td><td>prof. dr hab. Mieczys\u0142aw Morawski, Politechnika Warszawska<\/td><\/tr><tr><td>dr hab. Agnieszka Jagoda, prof. Uniwersytetu Ekonomicznego we Wroc\u0142awiu<\/td><\/tr><tr><td>dr hab. in\u017c. Waldemar J\u0119drzejczyk, prof. Politechniki Cz\u0119stochowskiej<\/td><\/tr><tr><td rowspan=\"2\">4<\/td><td rowspan=\"2\"><strong>Cyfrowa analiza danych i proces\u00f3w<\/strong><\/td><td>dr hab. Edyta Brzychczy, prof. AGH w Krakowie<\/td><\/tr><tr><td>dr hab. Katarzyna Rostek, prof. Politechniki Warszawskiej<\/td><\/tr><tr><td rowspan=\"3\">5<\/td><td rowspan=\"3\"><strong>Zarz\u0105dzanie projektami informatycznymi<\/strong><\/td><td>dr hab. Eryk G\u0142odzi\u0144ski, prof. Politechniki Warszawskiej<\/td><\/tr><tr><td>dr hab. Jakub Swacha, prof. Uniwersytetu Szczeci\u0144skiego<\/td><\/tr><tr><td>dr Monika Wo\u017aniak, Uniwersytet Gda\u0144ski<\/td><\/tr><tr><td rowspan=\"3\">6<\/td><td rowspan=\"3\"><strong>Cyfrowy Marketing<\/strong><\/td><td>dr hab. in\u017c. Grzegorz Chodak, prof. Politechniki Wroc\u0142awskiej<\/td><\/tr><tr><td>dr in\u017c. Adam Dzidowski, Politechnika Wroc\u0142awska<\/td><\/tr><tr><td>dr Katarzyna Ma\u0142agocka, Akademia Leona Ko\u017ami\u0144skiego w Warszawie<\/td><\/tr><tr><td rowspan=\"3\">7<\/td><td rowspan=\"3\"><strong>Cyfryzacja zarz\u0105dzania logistycznego<\/strong><\/td><td>dr hab. in\u017c. Mariusz Kostrzewski, prof. Politechniki Warszawskiej<\/td><\/tr><tr><td>dr hab. Stanis\u0142aw Iwan, prof. Politechniki Morskiej w Szczecinie<\/td><\/tr><tr><td>dr in\u017c. Adam Koli\u0144ski, Wy\u017csza Szko\u0142a Logistyki w Poznaniu<\/td><\/tr><tr><td rowspan=\"4\">8<\/td><td rowspan=\"4\"><strong>Automatyzacja<\/strong> <strong>i robotyzacja proces\u00f3w<\/strong> <strong>biznesowych<\/strong><\/td><td>dr hab. in\u017c. Anna Kosieradzka, prof. Politechniki Warszawskiej<\/td><\/tr><tr><td>dr Julia Siderska, Politechnika Bia\u0142ostocka<\/td><\/tr><tr><td>dr Klaudia Martinek-Jaguszewska, Szko\u0142a G\u0142\u00f3wna Handlowa &nbsp;w Warszawie<\/td><\/tr><tr><td>mgr in\u017c. Anna Ukla\u0144ska, firma:Leroy Merlin Polska<\/td><\/tr><tr><td rowspan=\"2\">9<\/td><td rowspan=\"2\"><strong>Cyfryzacja zarz\u0105dzania zmianami organizacyjnymi<\/strong> <strong>i technicznymi<\/strong><\/td><td>dr hab. in\u017c. Jolanta S\u0142oniec, prof. Politechniki Lubelskiej<\/td><\/tr><tr><td>dr in\u017c. Sylwester Oleszek, firma: Transition Technologies PSC<\/td><\/tr><tr><td rowspan=\"3\">10<\/td><td rowspan=\"3\"><strong>Cyfryzacja zarz\u0105dzania zr\u00f3wnowa\u017conym rozwojem<\/strong><\/td><td>dr hab. in\u017c. Paulina Goli\u0144ska-Dawson, prof. Politechniki Pozna\u0144skiej<\/td><\/tr><tr><td>dr hab. Agnieszka Tubis, prof. Politechniki Wroc\u0142awskiej<\/td><\/tr><tr><td>dr Ewa Stawicka, SGGW w Warszawie<\/td><\/tr><\/tbody><\/table><\/figure>\n\n\n","protected":false},"excerpt":{"rendered":"<p>W ramach najnowszej inicjatywy wydawniczej, we wsp\u00f3\u0142pracy z PWE, zaplanowano nowy cykl publikacji ksi\u0105\u017ckowych p.t. \u201eCyfryzacja Zarz\u0105dzania\u201d. Redakcja naukowa Ryszard Knosala. Poni\u017cej przedstawiono plan wydawniczy cyklu. Dost\u0119pne pozycje cyklu mo\u017cna znale\u017a\u0107 na stronie PWE. Lp. Tytu\u0142 Autorzy 1 Zastosowania innowacyjnych technologii informatycznych prof. dr hab. in\u017c. Ryszard Knosala, dr h. c. multi&nbsp; dr in\u017c. Pawe\u0142 [&hellip;]<\/p>\n","protected":false},"author":1,"featured_media":0,"parent":0,"menu_order":0,"comment_status":"closed","ping_status":"closed","template":"","meta":{"_eb_attr":"","footnotes":""},"class_list":["post-3732","page","type-page","status-publish","hentry"],"blocksy_meta":[],"featured_image_urls_v2":{"full":"","thumbnail":"","medium":"","medium_large":"","large":"","1536x1536":"","2048x2048":""},"post_excerpt_stackable_v2":"<p>W ramach najnowszej inicjatywy wydawniczej, we wsp\u00f3\u0142pracy z PWE, zaplanowano nowy cykl publikacji ksi\u0105\u017ckowych p.t. \u201eCyfryzacja Zarz\u0105dzania\u201d. Redakcja naukowa Ryszard Knosala. Poni\u017cej przedstawiono plan wydawniczy cyklu. Dost\u0119pne pozycje cyklu mo\u017cna znale\u017a\u0107 na stronie PWE. Lp.Tytu\u0142Autorzy1Zastosowania innowacyjnych technologii informatycznychprof. dr hab. in\u017c. Ryszard Knosala, dr h. c. multi&nbsp;dr in\u017c. Pawe\u0142 Buchwald, Akademia, Wy\u017csza Szko\u0142a Biznesu w D\u0105browie G\u00f3rniczej &nbsp;dr hab. in\u017c. Mariusz Kostrzewski, prof. Politechniki Warszawskiej &nbsp;dr in\u017c. Sylwester Oleszek, firma: Transition Technologies PSCdr in\u017c. Andrzej Szajna, firma: DTP Sp. z o. o. Zielona G\u00f3ra2Zarz\u0105dzanie wiedz\u0105 in\u017cyniersk\u0105prof. dr hab. in\u017c. Justyna Patalas-Maliszewska, Uniwersytet Zielonog\u00f3rskiprof. dr hab. in\u017c. Jerzy Pokojski, Politechnika Warszawska3&nbsp;&hellip;<\/p>\n","category_list_v2":"","author_info_v2":{"name":"Webmaster","url":"https:\/\/ptzp.org.pl\/index.php\/author\/webmaster\/"},"comments_num_v2":"0 comments","_links":{"self":[{"href":"https:\/\/ptzp.org.pl\/index.php\/wp-json\/wp\/v2\/pages\/3732","targetHints":{"allow":["GET"]}}],"collection":[{"href":"https:\/\/ptzp.org.pl\/index.php\/wp-json\/wp\/v2\/pages"}],"about":[{"href":"https:\/\/ptzp.org.pl\/index.php\/wp-json\/wp\/v2\/types\/page"}],"author":[{"embeddable":true,"href":"https:\/\/ptzp.org.pl\/index.php\/wp-json\/wp\/v2\/users\/1"}],"replies":[{"embeddable":true,"href":"https:\/\/ptzp.org.pl\/index.php\/wp-json\/wp\/v2\/comments?post=3732"}],"version-history":[{"count":11,"href":"https:\/\/ptzp.org.pl\/index.php\/wp-json\/wp\/v2\/pages\/3732\/revisions"}],"predecessor-version":[{"id":4052,"href":"https:\/\/ptzp.org.pl\/index.php\/wp-json\/wp\/v2\/pages\/3732\/revisions\/4052"}],"wp:attachment":[{"href":"https:\/\/ptzp.org.pl\/index.php\/wp-json\/wp\/v2\/media?parent=3732"}],"curies":[{"name":"wp","href":"https:\/\/api.w.org\/{rel}","templated":true}]}}