{"id":4053,"date":"2024-12-04T00:05:41","date_gmt":"2024-12-03T23:05:41","guid":{"rendered":"https:\/\/ptzp.org.pl\/?page_id=4053"},"modified":"2026-04-26T21:39:44","modified_gmt":"2026-04-26T19:39:44","slug":"cykl-wydawniczy-inzynieria-produkcji-i-zarzadzania-ku-przyszlosci","status":"publish","type":"page","link":"https:\/\/ptzp.org.pl\/index.php\/cykl-wydawniczy-inzynieria-produkcji-i-zarzadzania-ku-przyszlosci\/","title":{"rendered":"Cykl wydawniczy &#8222;In\u017cynieria produkcji i zarz\u0105dzania ku przysz\u0142o\u015bci&#8221;"},"content":{"rendered":"\n<div class=\"wp-block-stackable-text stk-block-text stk-block stk-ec9ccf1\" data-block-id=\"ec9ccf1\"><p class=\"stk-block-text__text\">W ramach najnowszej inicjatywy wydawniczej, we wsp\u00f3\u0142pracy z PWE, zaplanowano cykl publikacji ksi\u0105\u017ckowych p.t. \u201eIn\u017cynieria produkcji i zarz\u0105dzania ku przysz\u0142o\u015bci\u201d. Redakcja naukowa Ryszard Knosala. <\/p><\/div>\n\n\n\n<p>Dotychczas opublikowane ksi\u0105\u017cki z cyklu b\u0119d\u0105 pojawia\u0142y si\u0119 na odpowiedniej <a href=\"https:\/\/www.pwe.com.pl\/serie-wydawnicze\/inzynieria-produkcji\">podstronie<\/a> PWE.<\/p>\n\n\n\n<p>Poni\u017cej przedstawiono robocze tytu\u0142y ksi\u0105\u017cek wraz z ich autorami.<\/p>\n\n\n\n<figure class=\"wp-block-table\"><table><tbody><tr><td>Lp.<\/td><td>Tytu\u0142<\/td><td>Autorzy<\/td><\/tr><tr><td>1<\/td><td><strong>Metody AI w biznesie<\/strong><\/td><td>Helena Dudycz<br>Dorota Jelonek<br>Filip W\u00f3jcik<\/td><\/tr><tr><td>2<\/td><td><strong>Cyfrowe bli\u017aniaki w optymalizacji produkcji<\/strong><\/td><td>Andrzej Jardzioch <br>Remigiusz Iwa\u0144kowicz<br>S\u0142awomir Kukla<\/td><\/tr><tr><td>3<\/td><td><strong>Wyzwania konstrukcyjnego i technologicznego przygotowania produkcji<\/strong><\/td><td>Anna Rudawska<br>Andrzej Baier <br>Dariusz Wi\u0119cek<br>Arkadiusz Gola<\/td><\/tr><tr><td>4<\/td><td><strong>Systemy informatyczne zarz\u0105dzania<\/strong> <strong>&#8211; st\u0105d ku (Q) przysz\u0142o\u015bci<\/strong><\/td><td>Witold Chmielarz<br>Anna So\u0142tysik &#8211; Piorunkiewicz<\/td><\/tr><tr><td>5<\/td><td><strong>Systemy produkcyjne<\/strong><\/td><td>Dariusz Plinta<br>Damian Krenczyk <br>Pawe\u0142 Pawlewski <\/td><\/tr><tr><td>6<\/td><td><strong>Harmonogramowanie produkcji<\/strong><\/td><td>Krzysztof Kalinowski<br>Mieczys\u0142aw Wodecki <\/td><\/tr><tr><td>7<\/td><td><strong>Cyberbezpiecze\u0144stwo w przemy\u015ble i biznesie<\/strong><\/td><td>Pawe\u0142 Kobis<br>Piotr Borkowski<br>Tomasz Stefaniuk<\/td><\/tr><tr><td>8<\/td><td><strong>Metrologia wielko\u015bci geometrycznych i cieplnych<\/strong><\/td><td>Pawe\u0142 Majda <br>Zbigniew Humienny <br>S\u0142awomir Zator<\/td><\/tr><tr><td>9<\/td><td><strong>Logistyka 5.0<\/strong><\/td><td>Katarzyna Grzybowska<br>Mariusz Kostrzewski<br>Agnieszka Tubis.<\/td><\/tr><tr><td>10<\/td><td><strong>Zarz\u0105dzanie jako\u015bci\u0105 w warunkach Przemys\u0142u 5.0<\/strong><\/td><td>Piotr Grudowski <br>Ma\u0142gorzata Wi\u015bniewska <br>Anna Dobrowolska<\/td><\/tr><tr><td>11<\/td><td><strong>Zarz\u0105dzanie produktem w gospodarce obiegu zamkni\u0119tego<\/strong><\/td><td>Paulina Goli\u0144ska &#8211; Dawson <br>Andrzej Marcinkowski <br>Magdalena Rybaczewska &#8211; B\u0142a\u017cejowska<\/td><\/tr><tr><td>12<\/td><td><strong>Wyzwania innowacyjnych przedsi\u0119biorstw<\/strong><\/td><td>Aneta Ejsmont <br>Bo\u017cena Kaczmarska <br>Katarzyna Kozio\u0142 &#8211; Nadolna<\/td><\/tr><tr><td>13<\/td><td><strong>Zarz\u0105dzanie zespo\u0142ami w pracy zdalnej<\/strong><\/td><td>Mieczys\u0142aw Morawski, <br>Bogusz Miku\u0142a <br>Dominika Miliszkiewicz<\/td><\/tr><tr><td>14<\/td><td><strong>Kompetencje mened\u017cera produkcji w przysz\u0142o\u015bci<\/strong><\/td><td>Ryszard Knosala <br>Tomasz Sobczak <br>Agnieszka Terelak &#8211; Tymczyna <br>Agnieszka Zieli\u0144ska<\/td><\/tr><\/tbody><\/table><\/figure>\n\n\n\n<p><\/p>\n\n\n\n<p><\/p>\n","protected":false},"excerpt":{"rendered":"<p>W ramach najnowszej inicjatywy wydawniczej, we wsp\u00f3\u0142pracy z PWE, zaplanowano cykl publikacji ksi\u0105\u017ckowych p.t. \u201eIn\u017cynieria produkcji i zarz\u0105dzania ku przysz\u0142o\u015bci\u201d. Redakcja naukowa Ryszard Knosala. Dotychczas opublikowane ksi\u0105\u017cki z cyklu b\u0119d\u0105 pojawia\u0142y si\u0119 na odpowiedniej podstronie PWE. Poni\u017cej przedstawiono robocze tytu\u0142y ksi\u0105\u017cek wraz z ich autorami. Lp. Tytu\u0142 Autorzy 1 Metody AI w biznesie Helena DudyczDorota [&hellip;]<\/p>\n","protected":false},"author":3,"featured_media":0,"parent":0,"menu_order":0,"comment_status":"closed","ping_status":"closed","template":"","meta":{"_eb_attr":"","footnotes":""},"class_list":["post-4053","page","type-page","status-publish","hentry"],"blocksy_meta":[],"featured_image_urls_v2":{"full":"","thumbnail":"","medium":"","medium_large":"","large":"","1536x1536":"","2048x2048":""},"post_excerpt_stackable_v2":"<p>W ramach najnowszej inicjatywy wydawniczej, we wsp\u00f3\u0142pracy z PWE, zaplanowano cykl publikacji ksi\u0105\u017ckowych p.t. \u201eIn\u017cynieria produkcji i zarz\u0105dzania ku przysz\u0142o\u015bci\u201d. Redakcja naukowa Ryszard Knosala. Dotychczas opublikowane ksi\u0105\u017cki z cyklu b\u0119d\u0105 pojawia\u0142y si\u0119 na odpowiedniej podstronie PWE. Poni\u017cej przedstawiono robocze tytu\u0142y ksi\u0105\u017cek wraz z ich autorami. Lp.Tytu\u0142Autorzy1Metody AI w biznesieHelena DudyczDorota JelonekFilip W\u00f3jcik2Cyfrowe bli\u017aniaki w optymalizacji produkcjiAndrzej Jardzioch Remigiusz Iwa\u0144kowiczS\u0142awomir Kukla3Wyzwania konstrukcyjnego i technologicznego przygotowania produkcjiAnna RudawskaAndrzej Baier Dariusz Wi\u0119cekArkadiusz Gola4Systemy informatyczne zarz\u0105dzania &#8211; st\u0105d ku (Q) przysz\u0142o\u015bciWitold ChmielarzAnna So\u0142tysik &#8211; Piorunkiewicz5Systemy produkcyjneDariusz PlintaDamian Krenczyk Pawe\u0142 Pawlewski 6Harmonogramowanie produkcjiKrzysztof KalinowskiMieczys\u0142aw Wodecki 7Cyberbezpiecze\u0144stwo w przemy\u015ble i biznesiePawe\u0142 KobisPiotr BorkowskiTomasz Stefaniuk8Metrologia wielko\u015bci geometrycznych&hellip;<\/p>\n","category_list_v2":"","author_info_v2":{"name":"Grzegorz \u0106wik\u0142a","url":"https:\/\/ptzp.org.pl\/index.php\/author\/gc_red\/"},"comments_num_v2":"0 comments","_links":{"self":[{"href":"https:\/\/ptzp.org.pl\/index.php\/wp-json\/wp\/v2\/pages\/4053","targetHints":{"allow":["GET"]}}],"collection":[{"href":"https:\/\/ptzp.org.pl\/index.php\/wp-json\/wp\/v2\/pages"}],"about":[{"href":"https:\/\/ptzp.org.pl\/index.php\/wp-json\/wp\/v2\/types\/page"}],"author":[{"embeddable":true,"href":"https:\/\/ptzp.org.pl\/index.php\/wp-json\/wp\/v2\/users\/3"}],"replies":[{"embeddable":true,"href":"https:\/\/ptzp.org.pl\/index.php\/wp-json\/wp\/v2\/comments?post=4053"}],"version-history":[{"count":19,"href":"https:\/\/ptzp.org.pl\/index.php\/wp-json\/wp\/v2\/pages\/4053\/revisions"}],"predecessor-version":[{"id":4442,"href":"https:\/\/ptzp.org.pl\/index.php\/wp-json\/wp\/v2\/pages\/4053\/revisions\/4442"}],"wp:attachment":[{"href":"https:\/\/ptzp.org.pl\/index.php\/wp-json\/wp\/v2\/media?parent=4053"}],"curies":[{"name":"wp","href":"https:\/\/api.w.org\/{rel}","templated":true}]}}