{"id":4216,"date":"2025-07-13T12:31:22","date_gmt":"2025-07-13T10:31:22","guid":{"rendered":"https:\/\/ptzp.org.pl\/?page_id=4216"},"modified":"2026-02-02T10:30:46","modified_gmt":"2026-02-02T09:30:46","slug":"konkurs-na-najlepiej-dzialajace-kolo-naukowe-2","status":"publish","type":"page","link":"https:\/\/ptzp.org.pl\/index.php\/konkurs-na-najlepiej-dzialajace-kolo-naukowe-2\/","title":{"rendered":"Konkurs na najlepiej dzia\u0142aj\u0105ce Ko\u0142o Naukowe"},"content":{"rendered":"\n<p>Od stycznia 2026 Polskie Towarzystwo Zarz\u0105dzania Produkcj\u0105 organizuje pierwsz\u0105 edycj\u0119 nowego Konkursu dla student\u00f3w polskich uczelni, dzia\u0142aj\u0105cych w Ko\u0142ach Naukowych na kierunku <em>Zarz\u0105dzanie i in\u017cynieria produkcji<\/em> oraz na kierunkach pokrewnych. <\/p>\n\n\n\n<p>Regulamin konkursu jest dost\u0119pny <a href=\"https:\/\/ptzp.org.pl\/wp-content\/uploads\/2025\/07\/Regulamin-konkursu-PZTP-Kola-naukowe-8-07-2025.pdf\" data-type=\"link\" data-id=\"https:\/\/ptzp.org.pl\/wp-content\/uploads\/2025\/07\/Regulamin-konkursu-PZTP-Kola-naukowe-8-07-2025.pdf\">tutaj<\/a>.<\/p>\n\n\n\n<p>Prezes PTZP prof. Ryszard Knosala powo\u0142a\u0142 Komisj\u0119 Konkursow\u0105 w sk\u0142adzie:<br>prof. dr hab. in\u017c. Anna Rudawska, sekretarz generalna PTZP, przewodnicz\u0105ca Komisji<br>prof. dr hab. in\u017c. Krzysztof Nadolny, przewodnicz\u0105cy Oddzia\u0142u PTZP w Koszalinie<br>dr hab. in\u017c. Jaros\u0142aw Brodny, przewodnicz\u0105cy Oddzia\u0142u PTZP w Zabrzu<br>dr in\u017c. Anna Deptu\u0142a, przewodnicz\u0105ca Oddzia\u0142u PTZP w Opolu<br>dr in\u017c. Wojciech \u017barski, przewodnicz\u0105cy Oddzia\u0142u PTZP w Bydgoszczy<\/p>\n\n\n\n<p>Do udzia\u0142u w Konkursie zosta\u0142y zg\u0142oszone cztery nast\u0119puj\u0105ce Ko\u0142a:<br>&#8211; Ko\u0142o Naukowe In\u017cynierii Produkcji przy Wydziale Mechanicznym Politechniki Krakowskiej<br>&#8211; Ko\u0142o Naukowe PRIME przy Wydziale In\u017cynierii Mechanicznej Politechniki Pozna\u0144skiej<br>&#8211; Ko\u0142o Naukowe &#8222;Abaculus&#8221; przy Wydziale Nauk Technicznych Pa\u0144stwowej Akademii Nauk Stosowanych w Nysie<br>&#8211; Ko\u0142o Naukowe VIP przy Wydziale Budowy Maszyn i Informatyki Uniwersytetu Bielsko Bialskiego<\/p>\n\n\n\n<p>Spo\u015br\u00f3d zg\u0142oszonych kandydatur Komisja Konkursowa wy\u0142oni\u0142a laureata &#8211; Ko\u0142o naukowe VIP &#8211; Virtual Industrial Production, dzia\u0142aj\u0105ce na Uniwersytecie Bielsko-Bialskim &#8211; <a href=\"https:\/\/ptzp.org.pl\/wp-content\/uploads\/2026\/02\/PROTOKOL-komisji-z-dnia-28_01_2026-podpisany.pdf\">Protok\u00f3\u0142 z posiedzenia Komisji Konkursowej<\/a>.<\/p>\n\n\n\n<p><a href=\"https:\/\/ptzp.org.pl\/wp-content\/uploads\/2026\/01\/Opis_PTZP_KN_VIP_2026.pdf\">Opis dzia\u0142ania Ko\u0142a Naukowego &#8211; laureata Konkursu<\/a>.<\/p>\n\n\n\n<p><\/p>\n","protected":false},"excerpt":{"rendered":"<p>Od stycznia 2026 Polskie Towarzystwo Zarz\u0105dzania Produkcj\u0105 organizuje pierwsz\u0105 edycj\u0119 nowego Konkursu dla student\u00f3w polskich uczelni, dzia\u0142aj\u0105cych w Ko\u0142ach Naukowych na kierunku Zarz\u0105dzanie i in\u017cynieria produkcji oraz na kierunkach pokrewnych. Regulamin konkursu jest dost\u0119pny tutaj. Prezes PTZP prof. Ryszard Knosala powo\u0142a\u0142 Komisj\u0119 Konkursow\u0105 w sk\u0142adzie:prof. dr hab. in\u017c. Anna Rudawska, sekretarz generalna PTZP, przewodnicz\u0105ca Komisjiprof. [&hellip;]<\/p>\n","protected":false},"author":1,"featured_media":4215,"parent":0,"menu_order":0,"comment_status":"closed","ping_status":"closed","template":"","meta":{"_eb_attr":"","footnotes":""},"class_list":["post-4216","page","type-page","status-publish","has-post-thumbnail","hentry"],"blocksy_meta":[],"featured_image_urls_v2":{"full":["https:\/\/ptzp.org.pl\/wp-content\/uploads\/2025\/07\/Konkurs-na-najlepiej-dzialajace-Kolo-Naukowe.jpg",1280,720,false],"thumbnail":["https:\/\/ptzp.org.pl\/wp-content\/uploads\/2025\/07\/Konkurs-na-najlepiej-dzialajace-Kolo-Naukowe-150x150.jpg",150,150,true],"medium":["https:\/\/ptzp.org.pl\/wp-content\/uploads\/2025\/07\/Konkurs-na-najlepiej-dzialajace-Kolo-Naukowe-300x169.jpg",300,169,true],"medium_large":["https:\/\/ptzp.org.pl\/wp-content\/uploads\/2025\/07\/Konkurs-na-najlepiej-dzialajace-Kolo-Naukowe-768x432.jpg",768,432,true],"large":["https:\/\/ptzp.org.pl\/wp-content\/uploads\/2025\/07\/Konkurs-na-najlepiej-dzialajace-Kolo-Naukowe-1024x576.jpg",1024,576,true],"1536x1536":["https:\/\/ptzp.org.pl\/wp-content\/uploads\/2025\/07\/Konkurs-na-najlepiej-dzialajace-Kolo-Naukowe.jpg",1280,720,false],"2048x2048":["https:\/\/ptzp.org.pl\/wp-content\/uploads\/2025\/07\/Konkurs-na-najlepiej-dzialajace-Kolo-Naukowe.jpg",1280,720,false]},"post_excerpt_stackable_v2":"<p>Od stycznia 2026 Polskie Towarzystwo Zarz\u0105dzania Produkcj\u0105 organizuje pierwsz\u0105 edycj\u0119 nowego Konkursu dla student\u00f3w polskich uczelni, dzia\u0142aj\u0105cych w Ko\u0142ach Naukowych na kierunku Zarz\u0105dzanie i in\u017cynieria produkcji oraz na kierunkach pokrewnych. Regulamin konkursu jest dost\u0119pny tutaj. Prezes PTZP prof. Ryszard Knosala powo\u0142a\u0142 Komisj\u0119 Konkursow\u0105 w sk\u0142adzie:prof. dr hab. in\u017c. Anna Rudawska, sekretarz generalna PTZP, przewodnicz\u0105ca Komisjiprof. dr hab. in\u017c. Krzysztof Nadolny, przewodnicz\u0105cy Oddzia\u0142u PTZP w Koszaliniedr hab. in\u017c. Jaros\u0142aw Brodny, przewodnicz\u0105cy Oddzia\u0142u PTZP w Zabrzudr in\u017c. Anna Deptu\u0142a, przewodnicz\u0105ca Oddzia\u0142u PTZP w Opoludr in\u017c. Wojciech \u017barski, przewodnicz\u0105cy Oddzia\u0142u PTZP w Bydgoszczy Do udzia\u0142u w Konkursie zosta\u0142y zg\u0142oszone cztery nast\u0119puj\u0105ce Ko\u0142a:&#8211; Ko\u0142o&hellip;<\/p>\n","category_list_v2":"","author_info_v2":{"name":"Webmaster","url":"https:\/\/ptzp.org.pl\/index.php\/author\/webmaster\/"},"comments_num_v2":"0 comments","_links":{"self":[{"href":"https:\/\/ptzp.org.pl\/index.php\/wp-json\/wp\/v2\/pages\/4216","targetHints":{"allow":["GET"]}}],"collection":[{"href":"https:\/\/ptzp.org.pl\/index.php\/wp-json\/wp\/v2\/pages"}],"about":[{"href":"https:\/\/ptzp.org.pl\/index.php\/wp-json\/wp\/v2\/types\/page"}],"author":[{"embeddable":true,"href":"https:\/\/ptzp.org.pl\/index.php\/wp-json\/wp\/v2\/users\/1"}],"replies":[{"embeddable":true,"href":"https:\/\/ptzp.org.pl\/index.php\/wp-json\/wp\/v2\/comments?post=4216"}],"version-history":[{"count":6,"href":"https:\/\/ptzp.org.pl\/index.php\/wp-json\/wp\/v2\/pages\/4216\/revisions"}],"predecessor-version":[{"id":4355,"href":"https:\/\/ptzp.org.pl\/index.php\/wp-json\/wp\/v2\/pages\/4216\/revisions\/4355"}],"wp:featuredmedia":[{"embeddable":true,"href":"https:\/\/ptzp.org.pl\/index.php\/wp-json\/wp\/v2\/media\/4215"}],"wp:attachment":[{"href":"https:\/\/ptzp.org.pl\/index.php\/wp-json\/wp\/v2\/media?parent=4216"}],"curies":[{"name":"wp","href":"https:\/\/api.w.org\/{rel}","templated":true}]}}