{"id":4319,"date":"2026-01-06T13:56:42","date_gmt":"2026-01-06T12:56:42","guid":{"rendered":"https:\/\/ptzp.org.pl\/?page_id=4319"},"modified":"2026-04-11T11:01:00","modified_gmt":"2026-04-11T09:01:00","slug":"granty-dla-mlodych-naukowcow-autorow-publikacji-w-monografii-zakopianskiej-pwe","status":"publish","type":"page","link":"https:\/\/ptzp.org.pl\/index.php\/granty-dla-mlodych-naukowcow-autorow-publikacji-w-monografii-zakopianskiej-pwe\/","title":{"rendered":"Granty dla m\u0142odych naukowc\u00f3w \u2013 autor\u00f3w publikacji w monografii zakopia\u0144skiej PWE"},"content":{"rendered":"\n<p>M\u0142odzi pracownicy naukowi, cz\u0142onkowie Polskiego Towarzystwa Zarz\u0105dzania Produkcj\u0105 mog\u0105 aplikowa\u0107 o grant publikacyjny pokrywaj\u0105cy koszty publikacji w monografii &#8222;In\u017cynieria zarz\u0105dzania. Cyfryzacja produkcji. Aktualno\u015bci badawcze 8\u2033 pod redakcj\u0105 Ryszarda Knosali, wydawanej przez PWE.<\/p>\n\n\n\n<p>Firma Wayman sfinansuje 12 grant\u00f3w, kt\u00f3re, powo\u0142ana przez prezesa PTZP Komisja Grantowa przyzna 12 autorom prac. Komisja b\u0119dzie recenzowa\u0142a prace na bie\u017c\u0105co i po pozytywnej ocenie autor otrzyma grant publikacyjny. Dodatkowo, po przyznaniu ostatniego z puli grant\u00f3w Komisja dokona wyboru dw\u00f3ch najwy\u017cej ocenionych prac i przyzna ich autorom granty na pokrycie op\u0142aty konferencyjnej.<\/p>\n\n\n\n<p>Prezes PTZP prof. Ryszard Knosala powo\u0142a\u0142 Komisj\u0119 Grantow\u0105 w sk\u0142adzie:<br>dr hab. in\u017c. Grzegorz \u0106wik\u0142a, wiceprezes zarz\u0105du PTZP, przewodnicz\u0105cy Komisji<br>dr hab. in\u017c. Ewa Dostatni, przewodnicz\u0105ca Oddzia\u0142u PTZP w Poznaniu<br>dr hab. in\u017c. Sandra Grabowska, przewodnicz\u0105ca Oddzia\u0142u PTZP w Katowicach<br>dr hab. in\u017c. Anna Kosieradzka, przewodnicz\u0105ca Oddzia\u0142u PTZP w Warszawie<br>dr in\u017c Mariusz Ko\u0142osowski, wiceprzewodnicz\u0105cy Komitetu Organizacyjnego Konferencji<br><\/p>\n\n\n\n<p>Wszelkie informacje o naborze prac do publikacji s\u0105 podane w zak\u0142adce \u201eKolejna edycja monografii zakopia\u0144skiej\u201d na <a href=\"https:\/\/ptzp.org.pl\/index.php\/2025\/12\/20\/kolejna-edycja-monografii-zakopianskiej\/\">tej<\/a> stronie.<\/p>\n\n\n\n<p>W procedurze grantowej mog\u0105 wzi\u0105\u0107 udzia\u0142 m\u0142odzi naukowcy w wieku do 35 lat z tytu\u0142em zawodowym magistra lub stopniem naukowym doktora, kt\u00f3rzy<br>s\u0105 cz\u0142onkami PTZP w dniu zg\u0142oszenia pracy i op\u0142acili sk\u0142adk\u0119 cz\u0142onkowsk\u0105 za 2026 rok. Prac\u0119 wraz ze zg\u0142oszeniem do procedury grantowej (formularz<br>do pobrania poni\u017cej) nale\u017cy przes\u0142a\u0107 na adres: zakopane@ptzp.org.pl <br>Prace b\u0119d\u0105 recenzowane i granty przyznawane na bie\u017c\u0105co, po otrzymaniu zg\u0142oszenia.<br><br>Zg\u0142oszenie do procedury grantowej publikacji w monografii: <a href=\"https:\/\/ptzp.org.pl\/wp-content\/uploads\/2026\/01\/Zgloszenie_do_procedury_grantowej_2026.doc\">DOC<\/a><\/p>\n\n\n\n<h3 class=\"wp-block-heading\">Przyznane granty (prace gotowe po recenzji i ewentualnych poprawkach):<\/h3>\n\n\n\n<ul class=\"wp-block-list\">\n<li>Barbara Balon<\/li>\n\n\n\n<li>Daria Garli\u0144ska<\/li>\n\n\n\n<li>Julia Giera<\/li>\n\n\n\n<li>Karolina Jurasz<\/li>\n\n\n\n<li>Ewa Kaczmar-Kolny<\/li>\n\n\n\n<li>Micha\u0142 Klusek<\/li>\n\n\n\n<li>Damian Kolny<\/li>\n\n\n\n<li>Julian Malaka<\/li>\n\n\n\n<li>Dariusz Mas\u0142owski<\/li>\n\n\n\n<li>Klaudia Skibi\u0144ska<\/li>\n<\/ul>\n\n\n\n<h3 class=\"wp-block-heading\">Komisja Grantowa przyzna\u0142a granty na pokrycie op\u0142aty konferencyjnej dla ni\u017cej wymienionych m\u0142odych naukowc\u00f3w &#8211; autor\u00f3w prac:<\/h3>\n\n\n\n<ul class=\"wp-block-list\">\n<li>mgr Julia Giera<\/li>\n\n\n\n<li>mgr Karolina Jurasz<\/li>\n\n\n\n<li>dr Ewa Kaczmar-Kolny<\/li>\n\n\n\n<li>mgr Klaudia Skibi\u0144ska<\/li>\n<\/ul>\n\n\n\n<p><\/p>\n","protected":false},"excerpt":{"rendered":"<p>M\u0142odzi pracownicy naukowi, cz\u0142onkowie Polskiego Towarzystwa Zarz\u0105dzania Produkcj\u0105 mog\u0105 aplikowa\u0107 o grant publikacyjny pokrywaj\u0105cy koszty publikacji w monografii &#8222;In\u017cynieria zarz\u0105dzania. Cyfryzacja produkcji. Aktualno\u015bci badawcze 8\u2033 pod redakcj\u0105 Ryszarda Knosali, wydawanej przez PWE. Firma Wayman sfinansuje 12 grant\u00f3w, kt\u00f3re, powo\u0142ana przez prezesa PTZP Komisja Grantowa przyzna 12 autorom prac. Komisja b\u0119dzie recenzowa\u0142a prace na bie\u017c\u0105co i [&hellip;]<\/p>\n","protected":false},"author":1,"featured_media":4317,"parent":0,"menu_order":0,"comment_status":"closed","ping_status":"closed","template":"","meta":{"_eb_attr":"","footnotes":""},"class_list":["post-4319","page","type-page","status-publish","has-post-thumbnail","hentry"],"blocksy_meta":[],"featured_image_urls_v2":{"full":["https:\/\/ptzp.org.pl\/wp-content\/uploads\/2026\/01\/Granty-dla-mlodych-autorow-publikacji-1.png",1079,596,false],"thumbnail":["https:\/\/ptzp.org.pl\/wp-content\/uploads\/2026\/01\/Granty-dla-mlodych-autorow-publikacji-1-150x150.png",150,150,true],"medium":["https:\/\/ptzp.org.pl\/wp-content\/uploads\/2026\/01\/Granty-dla-mlodych-autorow-publikacji-1-300x166.png",300,166,true],"medium_large":["https:\/\/ptzp.org.pl\/wp-content\/uploads\/2026\/01\/Granty-dla-mlodych-autorow-publikacji-1-768x424.png",768,424,true],"large":["https:\/\/ptzp.org.pl\/wp-content\/uploads\/2026\/01\/Granty-dla-mlodych-autorow-publikacji-1-1024x566.png",1024,566,true],"1536x1536":["https:\/\/ptzp.org.pl\/wp-content\/uploads\/2026\/01\/Granty-dla-mlodych-autorow-publikacji-1.png",1079,596,false],"2048x2048":["https:\/\/ptzp.org.pl\/wp-content\/uploads\/2026\/01\/Granty-dla-mlodych-autorow-publikacji-1.png",1079,596,false]},"post_excerpt_stackable_v2":"<p>M\u0142odzi pracownicy naukowi, cz\u0142onkowie Polskiego Towarzystwa Zarz\u0105dzania Produkcj\u0105 mog\u0105 aplikowa\u0107 o grant publikacyjny pokrywaj\u0105cy koszty publikacji w monografii &#8222;In\u017cynieria zarz\u0105dzania. Cyfryzacja produkcji. Aktualno\u015bci badawcze 8\u2033 pod redakcj\u0105 Ryszarda Knosali, wydawanej przez PWE. Firma Wayman sfinansuje 12 grant\u00f3w, kt\u00f3re, powo\u0142ana przez prezesa PTZP Komisja Grantowa przyzna 12 autorom prac. Komisja b\u0119dzie recenzowa\u0142a prace na bie\u017c\u0105co i po pozytywnej ocenie autor otrzyma grant publikacyjny. Dodatkowo, po przyznaniu ostatniego z puli grant\u00f3w Komisja dokona wyboru dw\u00f3ch najwy\u017cej ocenionych prac i przyzna ich autorom granty na pokrycie op\u0142aty konferencyjnej. Prezes PTZP prof. Ryszard Knosala powo\u0142a\u0142 Komisj\u0119 Grantow\u0105 w sk\u0142adzie:dr hab. in\u017c. Grzegorz \u0106wik\u0142a, wiceprezes&hellip;<\/p>\n","category_list_v2":"","author_info_v2":{"name":"Webmaster","url":"https:\/\/ptzp.org.pl\/index.php\/author\/webmaster\/"},"comments_num_v2":"0 comments","_links":{"self":[{"href":"https:\/\/ptzp.org.pl\/index.php\/wp-json\/wp\/v2\/pages\/4319","targetHints":{"allow":["GET"]}}],"collection":[{"href":"https:\/\/ptzp.org.pl\/index.php\/wp-json\/wp\/v2\/pages"}],"about":[{"href":"https:\/\/ptzp.org.pl\/index.php\/wp-json\/wp\/v2\/types\/page"}],"author":[{"embeddable":true,"href":"https:\/\/ptzp.org.pl\/index.php\/wp-json\/wp\/v2\/users\/1"}],"replies":[{"embeddable":true,"href":"https:\/\/ptzp.org.pl\/index.php\/wp-json\/wp\/v2\/comments?post=4319"}],"version-history":[{"count":13,"href":"https:\/\/ptzp.org.pl\/index.php\/wp-json\/wp\/v2\/pages\/4319\/revisions"}],"predecessor-version":[{"id":4416,"href":"https:\/\/ptzp.org.pl\/index.php\/wp-json\/wp\/v2\/pages\/4319\/revisions\/4416"}],"wp:featuredmedia":[{"embeddable":true,"href":"https:\/\/ptzp.org.pl\/index.php\/wp-json\/wp\/v2\/media\/4317"}],"wp:attachment":[{"href":"https:\/\/ptzp.org.pl\/index.php\/wp-json\/wp\/v2\/media?parent=4319"}],"curies":[{"name":"wp","href":"https:\/\/api.w.org\/{rel}","templated":true}]}}