{"id":4357,"date":"2026-02-05T12:25:44","date_gmt":"2026-02-05T11:25:44","guid":{"rendered":"https:\/\/ptzp.org.pl\/?page_id=4357"},"modified":"2026-02-10T20:18:20","modified_gmt":"2026-02-10T19:18:20","slug":"zarzadzanie-przedsiebiorstwem-enterprise-management","status":"publish","type":"page","link":"https:\/\/ptzp.org.pl\/index.php\/zarzadzanie-przedsiebiorstwem-enterprise-management\/","title":{"rendered":"Czasopismo Zarz\u0105dzanie Przedsi\u0119biorstwem | Enterprise Management"},"content":{"rendered":"\n<p>Czasopismo <strong>Zarz\u0105dzanie Przedsi\u0119biorstwem | Enterprise Management<\/strong> ISSN 1643-4773 ukazuje si\u0119 od 2023 r. jako p\u00f3\u0142rocznik (uprzednio w latach 1998-2022 kwartalnik) w modelu Open Access na licencji CC BY-NC-ND 3.0<br>The journal <strong>Enterprise Management<\/strong> ISSN 1643-4773 has been published since 2023 as a biannual (in years 1998-2022 it was published quarterly) in the Open Access model under the CC BY-NC-ND 3.0 licence.<\/p>\n\n\n\n<h4 class=\"wp-block-heading\">Numery | Issues:<\/h4>\n\n\n\n<p><a href=\"https:\/\/ptzp.org.pl\/index.php\/zarzadzanie-przedsiebiorstwem-enterprise-management-1-22025\/\">1-2(2025)<\/a><\/p>\n\n\n\n<h4 class=\"wp-block-heading\"><strong>Dla autor\u00f3w | For Authors<\/strong><\/h4>\n\n\n\n<ul class=\"wp-block-list\">\n<li>Czasopismo znajduje si\u0119 w bazie czasopism technicznych <a href=\"https:\/\/yadda.icm.edu.pl\/baztech\/element\/bwmeta1.element.baztech-journal-1643-4773-zarzadzanie_przedsiebiorstwem\">BAZTECH<\/a>, ekonomicznych <a href=\"https:\/\/bazekon.uek.krakow.pl\/przegladaj\/Z\/1643-4773\">BAZEKON <\/a>oraz<a href=\"https:\/\/journals.indexcopernicus.com\/search\/details?id=4436\">INDEX COPERNICUS<\/a>.<br><em>The journal is included in the <a href=\"https:\/\/yadda.icm.edu.pl\/baztech\/element\/bwmeta1.element.baztech-journal-1643-4773-zarzadzanie_przedsiebiorstwem\">BAZTECH <\/a>database of technical journals, the <a href=\"https:\/\/bazekon.uek.krakow.pl\/przegladaj\/Z\/1643-4773\">BAZEKON <\/a>database of economic journals and the <a href=\"https:\/\/journals.indexcopernicus.com\/search\/details?id=4436\">INDEX COPERNICUS<\/a> database.<\/em><\/li>\n\n\n\n<li>Redakcja deklaruje, \u017ce od numeru 1-2(2025) czasopismo wydawane jest wy\u0142\u0105cznie on-line. Wcze\u015bniej pierwotn\u0105 wersj\u0105 czasopisma by\u0142a wersja drukowana.<br><em>The editors declare that from issue 1-2 (2025) onwards, the journal will be published exclusively online. Previously, the original version of the journal was a print edition.<\/em><\/li>\n\n\n\n<li>Nab\u00f3r tekst\u00f3w jest prowadzony w trybie ci\u0105g\u0142ym. Obecnie trwa kompletacja tekst\u00f3w do kolejnego numeru naszego czasopisma. Prosimy o nadsy\u0142anie tekst\u00f3w w j\u0119zyku polskim lub angielskim, sformatowanych zgodnie z zaleceniami dla autor\u00f3w, na adres redakcji biuro at ptzp.org.pl&nbsp;<br><em>The call for texts is ongoing. Texts for the next issue of our journal are currently being completed. Please submit texts in Polish or English, formatted according to the recommendations for authors, to the editorial office at ptzp.org.pl.<\/em><\/li>\n\n\n\n<li>Teksty artyku\u0142\u00f3w nale\u017cy sk\u0142ada\u0107 elektronicznie na adres: biuro at ptzp.org.pl z wykorzystaniem domy\u015blnego szablonu MS Word: <a href=\"https:\/\/zp.ptzp.org.pl\/assets\/files\/Preparing_an_article.doc\">Szablon MS Word<\/a> \/<a href=\"https:\/\/zp.ptzp.org.pl\/assets\/files\/Preparing_an_article.pdf\"> Szablon PDF<\/a><br><em>Manuscript texts should be submitted electronically to the address: biuro at ptzp.org.pl with using the default MS Word template: <a href=\"https:\/\/zp.ptzp.org.pl\/assets\/files\/Preparing_an_article.doc\">MS Word Template <\/a>\/ <a href=\"https:\/\/zp.ptzp.org.pl\/assets\/files\/Preparing_an_article.pdf\">PDF Template<\/a><\/em><\/li>\n\n\n\n<li>Artyku\u0142y nie powinny przekracza\u0107 limitu arkusza autorskiego (d\u0142ugo\u015b\u0107 40 000 znak\u00f3w wraz ze spacjami).<br><em>Articles should not exceed the author\u2019s sheet limit (the length of 40,000 characters including spaces).<\/em><\/li>\n\n\n\n<li>Nadsy\u0142ane artyku\u0142y powinny by\u0107 zapisane w dw\u00f3ch formatach: do edycji &#8211; jako Microsoft Office Word (docx lub doc), a do sprawdzenia &#8211; jako Adobe Acrobat Document (pdf)<br><em>Submitted articles should be saved in two formats: for editing, as Microsoft Office Word (docx or doc), and for checking, as Adobe Acrobat Document (pdf)<\/em><\/li>\n<\/ul>\n\n\n\n<h4 class=\"wp-block-heading\"><strong>Redakcja | Editorial<\/strong><\/h4>\n\n\n\n<ul class=\"wp-block-list\">\n<li><strong>Wydawca | Publisher<br><\/strong>prof. dr hab. in\u017c. Ryszard Knosala<br>Prezes <a href=\"http:\/\/ptzp.org.pl\/s1\/Strona_glowna\">Polskiego Towarzystwo Zarz\u0105dzania Produkcj\u0105<\/a><br>Adres Wydawcy: Katowicka 65\/5, 45-061 Opole<\/li>\n\n\n\n<li><strong>Redakcja |Editorial Office<br><\/strong>Adres Redakcji: Katowicka 65\/5, 45-061 Opole<br>e-mail: <a href=\"mailto:biuro@ptzp.org.pl\">biuro(at)ptzp.org.pl<\/a><br>tel.: <a href=\"tel:+48661356305\">+48&nbsp;661 356 305<\/a><\/li>\n\n\n\n<li><strong>Redaktor Naczelny | Editor-in-Chief<\/strong>dr hab. in\u017c. Paulina Goli\u0144ska-Dawson, profesor PP<br>Politechnika Pozna\u0144ska<br>e-mail: <a href=\"mailto:paulina.golinska@put.poznan.pl\">paulina.golinska(at)put.poznan.pl<\/a><\/li>\n\n\n\n<li><strong>Zast\u0119pcy Redaktora Naczelnego | Deputy Editor-in-chief<\/strong><\/li>\n\n\n\n<li>dr hab. in\u017c. Andrzej Jardzioch, profesor ZUT<br>Zachodniopomorski Uniwersytet Technologiczny w Szczecinie|<br>e-mail: <a href=\"mailto:andrzej.jardzioch@zut.edu.pl\">andrzej.jardzioch(at)zut.edu.pl<\/a><\/li>\n\n\n\n<li>dr hab. in\u017c.&nbsp;Dariusz Plinta, profesor ATH<br>Akademia Techniczno-Humanistyczna w Bielsku-Bia\u0142ej<br>e-mail: <a href=\"mailto:dplinta@ath.bielsko.pl\">dplinta(at)ath.bielsko.pl<\/a><br><strong>Redaktor j\u0119zykowy | Journal Linguistic Editor<\/strong><\/li>\n\n\n\n<li>Grzegorz Forc<br>e-mail: <a href=\"mailto:texter@grzegorzforc.pl\">texter(at)grzegorzforc.pl<\/a><\/li>\n\n\n\n<li><strong>Redaktor statystyczny | Journal Statistical Editor<\/strong><br>Prof.&nbsp;dr hab. Artur Maci\u0105g<br>Politechnika \u015awi\u0119tokrzyska<br>e-mail: <a href=\"mailto:matam@tu.kielce.pl\">matam(at)tu.kielce.pl<\/a><\/li>\n<\/ul>\n\n\n\n<h4 class=\"wp-block-heading\"><strong>Rada Redakcyjna | Editorial Board<\/strong><\/h4>\n\n\n\n<ul class=\"wp-block-list\">\n<li>Felicita Chromjakova,&nbsp; Tomas Bata University in Zlin, Czech Republic<\/li>\n\n\n\n<li>Ewa Dostatni, Politechnika Pozna\u0144ska, Poland<\/li>\n\n\n\n<li>\u013duboslav Dulina, University of \u017dilina, Slovakia<\/li>\n\n\n\n<li>Milan Edl, University of West Bohemia, Czech Republic<\/li>\n\n\n\n<li>Wac\u0142aw Gierulski, Politechnika \u015awi\u0119tokrzyska, Poland<\/li>\n\n\n\n<li>Martin Kraj\u010dovi\u010d, University of \u017dilina, Slovakia<\/li>\n\n\n\n<li>S\u0142awomir Kukla, University of Bielsko-Bia\u0142a, Poland<\/li>\n\n\n\n<li>Aleksander Mocza\u0142a, University of Bielsko-Bia\u0142a, Poland<\/li>\n\n\n\n<li>Przemys\u0142aw Niewiadomski, Uniwersytet Zielonog\u00f3rski, Poland<\/li>\n\n\n\n<li>Krzysztof Nowacki, Politechnika \u015al\u0105ska, Poland<\/li>\n\n\n\n<li>Holger Seidlitz, Brandenburgische Technische Universit\u00e4t Cottbus &#8211; Senftenberg<\/li>\n\n\n\n<li>Kamila Tomczak, Politechnika Opolska, Poland<\/li>\n<\/ul>\n\n\n\n<h4 class=\"wp-block-heading\"><strong>Recenzenci | Reviewers&nbsp;<\/strong><\/h4>\n\n\n\n<ul class=\"wp-block-list\">\n<li>Anna Burduk, Politechnika Wroc\u0142awska, Poland<\/li>\n\n\n\n<li>Waldemar Bojar, Politechnika Bydgoska, Poland<\/li>\n\n\n\n<li>Felicita Chromjakova, Tomas Bata University of Zlin, Czech Republic<\/li>\n\n\n\n<li>Ewa Dostatni, Politechnika Pozna\u0144ska, Poland<\/li>\n\n\n\n<li>Katarzyna Dohn, Politechnika \u015al\u0105ska, Poland<\/li>\n\n\n\n<li>Patrik Grznar, TU \u017bylina, Slovakia<\/li>\n\n\n\n<li>Damian Krenczyk,&nbsp; Politechnika \u015al\u0105ska, Poland<\/li>\n\n\n\n<li>Stanis\u0142aw \u0141obejko, Szko\u0142a G\u0142\u00f3wna Handlowa w Warszawie, Poland<\/li>\n\n\n\n<li>J\u00f3zef Matuszek, ATH Bielsko-Bia\u0142a, Poland<\/li>\n\n\n\n<li>Janusz Mleczko, ATH Bielsko-Bia\u0142a, Poland<\/li>\n\n\n\n<li>Justyna Patalas, Uniwersytet Zielonog\u00f3rski, Poland<\/li>\n\n\n\n<li>Izabela Rojek, Uniwersytet Kazimierza Wielkiego w Bydgoszczy,&nbsp; Poland<\/li>\n\n\n\n<li>Agnieszka Stachowiak,&nbsp; Politechnika Pozna\u0144ska, Poland<\/li>\n\n\n\n<li>Dariusz Sobotkiewicz, Uniwersytet Zielonog\u00f3rski, Poland<\/li>\n\n\n\n<li>Krzysztof Santarek,&nbsp; Politechnika Warszawska, Poland<\/li>\n\n\n\n<li>Marek Smetana, TU Ostrava, Czech Republic<\/li>\n\n\n\n<li>Tomasz Sobczak, ZUT Szczecin, Poland<\/li>\n\n\n\n<li>Katarzyna Tob\u00f3r-Osadnik, Politechnika \u015al\u0105ska, Poland<\/li>\n\n\n\n<li>Katarzyna Antosz, Politechnika Rzeszowska, Poland<\/li>\n\n\n\n<li>Luboslav Dulina. University of Zilina, Slovakia<\/li>\n\n\n\n<li>Arkadiusz Gola, Politechnika Lubelska, Poland<\/li>\n\n\n\n<li>Arkadiusz Kawa, Uniwersytet Ekonomiczny w Poznaniu, Poland<\/li>\n\n\n\n<li>Pawe\u0142 Pawlewski, Politechnika Pozna\u0144ska, Poland<\/li>\n\n\n\n<li>Micha\u0142 S\u0105siadek, Uniwersytet Zielonog\u00f3rski, Poland<\/li>\n\n\n\n<li>Nicolae Ungureanu, Technical University of Cluj-Napoca, Romania<\/li>\n<\/ul>\n\n\n\n<ul class=\"wp-block-list\">\n<li><strong>Redakcja |Editorial Office<br><\/strong>Adres Redakcji: Katowicka 65\/5, 45-061 Opole<br>e-mail: <a href=\"mailto:biuro@ptzp.org.pl\">biuro(at)ptzp.org.pl<\/a><br>tel.: <a href=\"tel:+48661356305\">+48 661 356 305<\/a><\/li>\n\n\n\n<li><strong>Redaktor Naczelny | Editor-in-Chief<\/strong> dr hab. in\u017c. Andrzej Jardzioch, profesor ZUT<br>e-mail: <a href=\"mailto:andrzej.jardzioch@zut.edu.pl\">andrzej.jardzioch(at)zut.edu.pl<\/a><\/li>\n\n\n\n<li><strong>Serwis WWW | Website<\/strong><br>dr in\u017c. S\u0142awomir Lu\u015bci\u0144ski<br>e-mail: <a href=\"mailto:luscinski@tu.kielce.pl\">luscinski(at)tu.kielce.pl<\/a><\/li>\n<\/ul>\n\n\n\n<p>Strona w\u0142asna czasopisma: <a href=\"https:\/\/zp.ptzp.org.pl\/index.html\">link<\/a><\/p>\n\n\n\n<figure class=\"wp-block-image size-full is-resized\"><img loading=\"lazy\" decoding=\"async\" width=\"902\" height=\"349\" src=\"https:\/\/ptzp.org.pl\/wp-content\/uploads\/2026\/02\/NaglowekZP.png\" alt=\"\" class=\"wp-image-4359\" style=\"aspect-ratio:2.5845619437341103;width:925px;height:auto\" srcset=\"https:\/\/ptzp.org.pl\/wp-content\/uploads\/2026\/02\/NaglowekZP.png 902w, https:\/\/ptzp.org.pl\/wp-content\/uploads\/2026\/02\/NaglowekZP-300x116.png 300w, https:\/\/ptzp.org.pl\/wp-content\/uploads\/2026\/02\/NaglowekZP-768x297.png 768w\" sizes=\"auto, (max-width: 902px) 100vw, 902px\" \/><\/figure>\n","protected":false},"excerpt":{"rendered":"<p>Czasopismo Zarz\u0105dzanie Przedsi\u0119biorstwem | Enterprise Management ISSN 1643-4773 ukazuje si\u0119 od 2023 r. jako p\u00f3\u0142rocznik (uprzednio w latach 1998-2022 kwartalnik) w modelu Open Access na licencji CC BY-NC-ND 3.0The journal Enterprise Management ISSN 1643-4773 has been published since 2023 as a biannual (in years 1998-2022 it was published quarterly) in the Open Access model under [&hellip;]<\/p>\n","protected":false},"author":1,"featured_media":0,"parent":0,"menu_order":0,"comment_status":"closed","ping_status":"closed","template":"","meta":{"_eb_attr":"","footnotes":""},"class_list":["post-4357","page","type-page","status-publish","hentry"],"blocksy_meta":[],"featured_image_urls_v2":{"full":"","thumbnail":"","medium":"","medium_large":"","large":"","1536x1536":"","2048x2048":""},"post_excerpt_stackable_v2":"<p>Czasopismo Zarz\u0105dzanie Przedsi\u0119biorstwem | Enterprise Management ISSN 1643-4773 ukazuje si\u0119 od 2023 r. jako p\u00f3\u0142rocznik (uprzednio w latach 1998-2022 kwartalnik) w modelu Open Access na licencji CC BY-NC-ND 3.0The journal Enterprise Management ISSN 1643-4773 has been published since 2023 as a biannual (in years 1998-2022 it was published quarterly) in the Open Access model under the CC BY-NC-ND 3.0 licence. Numery | Issues: 1-2(2025) Dla autor\u00f3w | For Authors Czasopismo znajduje si\u0119 w bazie czasopism technicznych BAZTECH, ekonomicznych BAZEKON orazINDEX COPERNICUS.The journal is included in the BAZTECH database of technical journals, the BAZEKON database of economic journals and the INDEX&hellip;<\/p>\n","category_list_v2":"","author_info_v2":{"name":"Webmaster","url":"https:\/\/ptzp.org.pl\/index.php\/author\/webmaster\/"},"comments_num_v2":"0 comments","_links":{"self":[{"href":"https:\/\/ptzp.org.pl\/index.php\/wp-json\/wp\/v2\/pages\/4357","targetHints":{"allow":["GET"]}}],"collection":[{"href":"https:\/\/ptzp.org.pl\/index.php\/wp-json\/wp\/v2\/pages"}],"about":[{"href":"https:\/\/ptzp.org.pl\/index.php\/wp-json\/wp\/v2\/types\/page"}],"author":[{"embeddable":true,"href":"https:\/\/ptzp.org.pl\/index.php\/wp-json\/wp\/v2\/users\/1"}],"replies":[{"embeddable":true,"href":"https:\/\/ptzp.org.pl\/index.php\/wp-json\/wp\/v2\/comments?post=4357"}],"version-history":[{"count":9,"href":"https:\/\/ptzp.org.pl\/index.php\/wp-json\/wp\/v2\/pages\/4357\/revisions"}],"predecessor-version":[{"id":4388,"href":"https:\/\/ptzp.org.pl\/index.php\/wp-json\/wp\/v2\/pages\/4357\/revisions\/4388"}],"wp:attachment":[{"href":"https:\/\/ptzp.org.pl\/index.php\/wp-json\/wp\/v2\/media?parent=4357"}],"curies":[{"name":"wp","href":"https:\/\/api.w.org\/{rel}","templated":true}]}}