{"id":4364,"date":"2026-02-05T12:24:27","date_gmt":"2026-02-05T11:24:27","guid":{"rendered":"https:\/\/ptzp.org.pl\/?page_id=4364"},"modified":"2026-02-05T12:24:27","modified_gmt":"2026-02-05T11:24:27","slug":"zarzadzanie-przedsiebiorstwem-enterprise-management-1-22025","status":"publish","type":"page","link":"https:\/\/ptzp.org.pl\/index.php\/zarzadzanie-przedsiebiorstwem-enterprise-management-1-22025\/","title":{"rendered":"Zarz\u0105dzanie Przedsi\u0119biorstwem | Enterprise Management 1-2(2025)"},"content":{"rendered":"\n<div class=\"wp-block-group is-layout-constrained wp-block-group-is-layout-constrained\">\n<p><\/p>\n\n\n\n<ul class=\"wp-block-list\">\n<li><a href=\"https:\/\/ptzp.org.pl\/wp-content\/uploads\/2026\/02\/ZP-2025_1-2-Furmannova.pdf\">Beata Furmannova, Jan Zuzik, Luboslav Dulina, Radovan Furmann: INVESTIGATING WORKER EDUCATION IN MECHANICAL ENGINEERING ENTERPRISES: A CROSS-SECTIONAL STUDY<\/a><\/li>\n\n\n\n<li><a href=\"https:\/\/ptzp.org.pl\/wp-content\/uploads\/2026\/02\/ZP-2025_1-2-Golinska.pdf\">Ewa Goli\u0144ska: ANALIZA POR\u00d3WNAWCZA METOD DO USTALANIA ODST\u0118P\u00d3W CZASU MI\u0118DZY WZORCOWANIAMI PRZYRZ\u0104D\u00d3W POMIAROWYCH<\/a><\/li>\n\n\n\n<li><a href=\"https:\/\/ptzp.org.pl\/wp-content\/uploads\/2026\/02\/ZP-2025_1-2-Grznar.pdf\">Patrik Grznar, Lucia Mozolova, Stefan Mozol, Milan Gregor: SIMULATION METAMODELING AND ARTIFICIAL NEURAL NETWORKS IN MANUFACTURING SYSTEMS MANAGEMENT<\/a><\/li>\n\n\n\n<li><a href=\"https:\/\/ptzp.org.pl\/wp-content\/uploads\/2026\/02\/ZP-2025_1-2-Huynh.pdf\">Thi Bao Chau Huynh: ASSESSING THE FACTORS THAT INFLUENCE USERS\u2019 EXPERIENCE WITH LAST-MILE DELIVERY IN E-COMMERCE<\/a><\/li>\n\n\n\n<li><a href=\"https:\/\/ptzp.org.pl\/wp-content\/uploads\/2026\/02\/ZP-2025_1-2-Nikiel.pdf\">Barbara Nikiel: EFEKTYWNO\u015a\u0106 PRACY MASZYN W BRAN\u017bY MOTORYZACYJNEJ<\/a><\/li>\n\n\n\n<li><a href=\"https:\/\/ptzp.org.pl\/wp-content\/uploads\/2026\/02\/ZP-2025_1-2-Rinke.pdf\">Patrycja Rinke, Dagmara \u0141apczy\u0144ska: REDUKCJA MARNOTRAWSTWA I BALANSOWANIE OBCI\u0104\u017bENIA LINII PRODUKCYJNEJ<\/a><\/li>\n\n\n\n<li><a href=\"https:\/\/ptzp.org.pl\/wp-content\/uploads\/2026\/02\/ZP-2025_1-2-Pyc.pdf\">Jan Py\u0107, Pawe\u0142 Pawlewski: METODA TWORZENIA INTERAKTYWNEGO UK\u0141ADU 3D W MODELOWANIU SYSTEM\u00d3W PRODUKCJI<\/a><\/li>\n\n\n\n<li><a href=\"https:\/\/ptzp.org.pl\/wp-content\/uploads\/2026\/02\/ZP-2025_1-2-Olesiak.pdf\">Marek Olesiak: OPTYMALNE STEROWANIE ZAPASAMI Z WYKORZYSTANIEM METODY MONTE CARLO<\/a><\/li>\n<\/ul>\n\n\n\n<p><\/p>\n\n\n\n<figure class=\"wp-block-image size-large\"><img loading=\"lazy\" decoding=\"async\" width=\"740\" height=\"1024\" src=\"https:\/\/ptzp.org.pl\/wp-content\/uploads\/2026\/02\/2025_1-2-740x1024.png\" alt=\"\" class=\"wp-image-4365\" srcset=\"https:\/\/ptzp.org.pl\/wp-content\/uploads\/2026\/02\/2025_1-2-740x1024.png 740w, https:\/\/ptzp.org.pl\/wp-content\/uploads\/2026\/02\/2025_1-2-217x300.png 217w, https:\/\/ptzp.org.pl\/wp-content\/uploads\/2026\/02\/2025_1-2-768x1063.png 768w, https:\/\/ptzp.org.pl\/wp-content\/uploads\/2026\/02\/2025_1-2.png 905w\" sizes=\"auto, (max-width: 740px) 100vw, 740px\" \/><\/figure>\n<\/div>\n","protected":false},"excerpt":{"rendered":"","protected":false},"author":1,"featured_media":0,"parent":0,"menu_order":0,"comment_status":"closed","ping_status":"closed","template":"","meta":{"_eb_attr":"","footnotes":""},"class_list":["post-4364","page","type-page","status-publish","hentry"],"blocksy_meta":[],"featured_image_urls_v2":{"full":"","thumbnail":"","medium":"","medium_large":"","large":"","1536x1536":"","2048x2048":""},"post_excerpt_stackable_v2":"<p>Beata Furmannova, Jan Zuzik, Luboslav Dulina, Radovan Furmann: INVESTIGATING WORKER EDUCATION IN MECHANICAL ENGINEERING ENTERPRISES: A CROSS-SECTIONAL STUDY Ewa Goli\u0144ska: ANALIZA POR\u00d3WNAWCZA METOD DO USTALANIA ODST\u0118P\u00d3W CZASU MI\u0118DZY WZORCOWANIAMI PRZYRZ\u0104D\u00d3W POMIAROWYCH Patrik Grznar, Lucia Mozolova, Stefan Mozol, Milan Gregor: SIMULATION METAMODELING AND ARTIFICIAL NEURAL NETWORKS IN MANUFACTURING SYSTEMS MANAGEMENT Thi Bao Chau Huynh: ASSESSING THE FACTORS THAT INFLUENCE USERS\u2019 EXPERIENCE WITH LAST-MILE DELIVERY IN E-COMMERCE Barbara Nikiel: EFEKTYWNO\u015a\u0106 PRACY MASZYN W BRAN\u017bY MOTORYZACYJNEJ Patrycja Rinke, Dagmara \u0141apczy\u0144ska: REDUKCJA MARNOTRAWSTWA I BALANSOWANIE OBCI\u0104\u017bENIA LINII PRODUKCYJNEJ Jan Py\u0107, Pawe\u0142 Pawlewski: METODA TWORZENIA INTERAKTYWNEGO UK\u0141ADU 3D W MODELOWANIU SYSTEM\u00d3W PRODUKCJI Marek Olesiak: OPTYMALNE&hellip;<\/p>\n","category_list_v2":"","author_info_v2":{"name":"Webmaster","url":"https:\/\/ptzp.org.pl\/index.php\/author\/webmaster\/"},"comments_num_v2":"0 comments","_links":{"self":[{"href":"https:\/\/ptzp.org.pl\/index.php\/wp-json\/wp\/v2\/pages\/4364","targetHints":{"allow":["GET"]}}],"collection":[{"href":"https:\/\/ptzp.org.pl\/index.php\/wp-json\/wp\/v2\/pages"}],"about":[{"href":"https:\/\/ptzp.org.pl\/index.php\/wp-json\/wp\/v2\/types\/page"}],"author":[{"embeddable":true,"href":"https:\/\/ptzp.org.pl\/index.php\/wp-json\/wp\/v2\/users\/1"}],"replies":[{"embeddable":true,"href":"https:\/\/ptzp.org.pl\/index.php\/wp-json\/wp\/v2\/comments?post=4364"}],"version-history":[{"count":4,"href":"https:\/\/ptzp.org.pl\/index.php\/wp-json\/wp\/v2\/pages\/4364\/revisions"}],"predecessor-version":[{"id":4378,"href":"https:\/\/ptzp.org.pl\/index.php\/wp-json\/wp\/v2\/pages\/4364\/revisions\/4378"}],"wp:attachment":[{"href":"https:\/\/ptzp.org.pl\/index.php\/wp-json\/wp\/v2\/media?parent=4364"}],"curies":[{"name":"wp","href":"https:\/\/api.w.org\/{rel}","templated":true}]}}